{"id":8749,"date":"2021-01-31T08:10:54","date_gmt":"2021-01-31T07:10:54","guid":{"rendered":"https:\/\/ceylou.com\/wordpress\/?page_id=8749"},"modified":"2025-12-07T05:31:24","modified_gmt":"2025-12-07T04:31:24","slug":"animateurs-planning-sinscrire","status":"publish","type":"page","link":"https:\/\/ceylou.com\/wordpress\/animateurs-voile-brigantine\/animateurs-planning-sinscrire\/","title":{"rendered":"ANIMATEURS BRIGANTINE"},"content":{"rendered":"\n<h2 class=\"wp-block-heading has-text-align-center\">PAGE RESERVEE AUX ANIMATEURS BRIGANTINE.<\/h2>\n\n\n\n<p class=\"has-text-align-center wp-block-paragraph\"><strong><em> Pour acc\u00e9der PAGE r\u00e9serv\u00e9e<\/em><\/strong><br><em><strong><mark style=\"background-color:rgba(0, 0, 0, 0)\" class=\"has-inline-color has-ast-global-color-2-color\">ACCES GENERAL<\/mark><\/strong><\/em><strong><em><mark style=\"background-color:rgba(0, 0, 0, 0);color:#ee8282\" class=\"has-inline-color\"> <\/mark>ANIMATEURS<\/em><\/strong> (toutes r\u00e9servations)<br><em>UTILISER BOUTON VERT CI-DESSOUS<\/em> <br>Puis <mark style=\"background-color:rgba(0, 0, 0, 0);color:#cf1919\" class=\"has-inline-color\">saisir VOTRE MOT DE PASSE GENERAL <strong><em>animateu<\/em><\/strong>rs<\/mark><br>En cas de probl\u00e9me gardez votre calme et<strong>tel Ceylou<\/strong>.<\/p>\n\n\n\n<div class=\"wp-block-buttons is-content-justification-center is-layout-flex wp-container-core-buttons-is-layout-3e41869c wp-block-buttons-is-layout-flex\">\n<div class=\"wp-block-button is-style-outline is-style-outline--1\"><a class=\"wp-block-button__link has-light-green-cyan-background-color has-text-color has-background has-link-color has-border-color has-vivid-cyan-blue-border-color wp-element-button\" href=\"https:\/\/ceylou.com\/wordpress\/animateurs-voile-brigantine\/\" style=\"border-width:4px;border-radius:30px;color:#d23232\"><mark style=\"background-color:rgba(0, 0, 0, 0);color:#ee3316\" class=\"has-inline-color\"><strong>ACCES ESPACE<\/strong><\/mark><strong><mark style=\"background-color:rgba(0, 0, 0, 0);color:#d93e3e\" class=\"has-inline-color\"> GENERAL<\/mark> <mark style=\"background-color:rgba(0, 0, 0, 0);color:#ee3316\" class=\"has-inline-color\">ANIMATEURS <\/mark><\/strong><br><mark style=\"background-color:rgba(0, 0, 0, 0);color:#ee3316\" class=\"has-inline-color\">AVEC <\/mark><mark style=\"background-color:rgba(0, 0, 0, 0);color:#e13f3f\" class=\"has-inline-color\"><strong>votre Pass <\/strong><\/mark>GENERAL<mark style=\"background-color:rgba(0, 0, 0, 0);color:#e13f3f\" class=\"has-inline-color\"><strong> animateurs<\/strong><\/mark><mark style=\"background-color:rgba(0, 0, 0, 0);color:#ee3316\" class=\"has-inline-color\">&gt;&lt;CLICK<\/mark><\/a><\/div>\n<\/div>\n\n\n\n<hr class=\"wp-block-separator has-alpha-channel-opacity\"\/>\n\n\n\n<p class=\"has-text-align-center wp-block-paragraph\"><mark style=\"background-color:rgba(0, 0, 0, 0);color:#d04545\" class=\"has-inline-color\"><strong>ATTENTION LE PASS GENERAL CHANGE  FIN SEPTEMBRE TOUS LES ANS<\/strong><\/mark><\/p>\n\n\n\n<div class=\"wp-block-buttons is-content-justification-center is-layout-flex wp-container-core-buttons-is-layout-3e41869c wp-block-buttons-is-layout-flex\">\n<div class=\"wp-block-button is-style-outline is-style-outline--2\"><a class=\"wp-block-button__link has-light-green-cyan-background-color has-text-color has-background has-link-color has-border-color wp-element-button\" href=\"https:\/\/ceylou.com\/wordpress\/animateurs-voile-brigantine\/\" style=\"border-color:#c85300;border-radius:30px;color:#dd5c00\"><strong><mark style=\"background-color:rgba(0, 0, 0, 0);color:#ee3316\" class=\"has-inline-color\">ACCES ESPACE ANIMATEURS <\/mark><\/strong><br><strong>avec<mark style=\"background-color:rgba(0, 0, 0, 0);color:#ee3316\" class=\"has-inline-color\">P<\/mark>ass animateurs<mark style=\"background-color:rgba(0, 0, 0, 0);color:#ee3316\" class=\"has-inline-color\">&lt;CLICK<\/mark><\/strong><\/a><\/div>\n<\/div>\n\n\n\n<h3 class=\"wp-block-heading has-text-align-center\"><mark style=\"background-color:rgba(0, 0, 0, 0)\" class=\"has-inline-color has-vivid-red-color\"><a href=\"https:\/\/ceylou.com\/wordpress\/animateurs-voile-brigantine\/\">CLICK pour acc\u00e9der \u00e0 <\/a><\/mark><a href=\"https:\/\/ceylou.com\/wordpress\/animateurs-voile-brigantine\/\"><mark style=\"background-color:rgba(0, 0, 0, 0);color:#c84e4e\" class=\"has-inline-color\">l&#8217;espace g\u00e9n\u00e9ral<\/mark><\/a><mark style=\"background-color:rgba(0, 0, 0, 0)\" class=\"has-inline-color has-vivid-red-color\"><a href=\"https:\/\/ceylou.com\/wordpress\/animateurs-voile-brigantine\/\"> r\u00e9serv\u00e9 <\/a><\/mark><br><mark style=\"background-color:rgba(0, 0, 0, 0)\" class=\"has-inline-color has-vivid-red-color\"><a href=\"https:\/\/ceylou.com\/wordpress\/animateurs-voile-brigantine\/\">avec votre mot de passe Animateurs<\/a><\/mark><\/h3>\n","protected":false},"excerpt":{"rendered":"<p>PAGE RESERVEE AUX ANIMATEURS BRIGANTINE. Pour acc\u00e9der PAGE r\u00e9serv\u00e9eACCES GENERAL ANIMATEURS (toutes r\u00e9servations)UTILISER BOUTON VERT CI-DESSOUS Puis saisir VOTRE MOT DE PASSE GENERAL animateursEn cas de probl\u00e9me gardez votre calme [&hellip;]<\/p>\n","protected":false},"author":1,"featured_media":0,"parent":4473,"menu_order":1,"comment_status":"closed","ping_status":"closed","template":"","meta":{"_crdt_document":"","_uf_show_specific_survey":0,"_uf_disable_surveys":false,"site-sidebar-layout":"default","site-content-layout":"","ast-site-content-layout":"default","site-content-style":"default","site-sidebar-style":"default","ast-global-header-display":"","ast-banner-title-visibility":"","ast-main-header-display":"","ast-hfb-above-header-display":"","ast-hfb-below-header-display":"","ast-hfb-mobile-header-display":"","site-post-title":"","ast-breadcrumbs-content":"","ast-featured-img":"","footer-sml-layout":"","ast-disable-related-posts":"","theme-transparent-header-meta":"","adv-header-id-meta":"","stick-header-meta":"","header-above-stick-meta":"","header-main-stick-meta":"","header-below-stick-meta":"","astra-migrate-meta-layouts":"set","ast-page-background-enabled":"default","ast-page-background-meta":{"desktop":{"background-color":"var(--ast-global-color-4)","background-image":"","background-repeat":"repeat","background-position":"center center","background-size":"auto","background-attachment":"scroll","background-type":"","background-media":"","overlay-type":"","overlay-color":"","overlay-opacity":"","overlay-gradient":""},"tablet":{"background-color":"","background-image":"","background-repeat":"repeat","background-position":"center center","background-size":"auto","background-attachment":"scroll","background-type":"","background-media":"","overlay-type":"","overlay-color":"","overlay-opacity":"","overlay-gradient":""},"mobile":{"background-color":"","background-image":"","background-repeat":"repeat","background-position":"center center","background-size":"auto","background-attachment":"scroll","background-type":"","background-media":"","overlay-type":"","overlay-color":"","overlay-opacity":"","overlay-gradient":""}},"ast-content-background-meta":{"desktop":{"background-color":"var(--ast-global-color-5)","background-image":"","background-repeat":"repeat","background-position":"center center","background-size":"auto","background-attachment":"scroll","background-type":"","background-media":"","overlay-type":"","overlay-color":"","overlay-opacity":"","overlay-gradient":""},"tablet":{"background-color":"var(--ast-global-color-5)","background-image":"","background-repeat":"repeat","background-position":"center center","background-size":"auto","background-attachment":"scroll","background-type":"","background-media":"","overlay-type":"","overlay-color":"","overlay-opacity":"","overlay-gradient":""},"mobile":{"background-color":"var(--ast-global-color-5)","background-image":"","background-repeat":"repeat","background-position":"center center","background-size":"auto","background-attachment":"scroll","background-type":"","background-media":"","overlay-type":"","overlay-color":"","overlay-opacity":"","overlay-gradient":""}},"_price":"","_stock":"","_tribe_ticket_header":"","_tribe_default_ticket_provider":"","_tribe_ticket_capacity":"0","_ticket_start_date":"","_ticket_end_date":"","_tribe_ticket_show_description":"","_tribe_ticket_show_not_going":false,"_tribe_ticket_use_global_stock":"","_tribe_ticket_global_stock_level":"","_global_stock_mode":"","_global_stock_cap":"","_tribe_rsvp_for_event":"","_tribe_ticket_going_count":"","_tribe_ticket_not_going_count":"","_tribe_tickets_list":"[]","_tribe_ticket_has_attendee_info_fields":false,"_EventAllDay":false,"_EventTimezone":"","_EventStartDate":"","_EventEndDate":"","_EventStartDateUTC":"","_EventEndDateUTC":"","_EventShowMap":false,"_EventShowMapLink":false,"_EventURL":"","_EventCost":"","_EventCostDescription":"","_EventCurrencySymbol":"","_EventCurrencyCode":"","_EventCurrencyPosition":"","_EventDateTimeSeparator":"","_EventTimeRangeSeparator":"","_EventOrganizerID":[],"_EventVenueID":[],"_OrganizerEmail":"","_OrganizerPhone":"","_OrganizerWebsite":"","_VenueAddress":"","_VenueCity":"","_VenueCountry":"","_VenueProvince":"","_VenueState":"","_VenueZip":"","_VenuePhone":"","_VenueURL":"","_VenueStateProvince":"","_VenueLat":"","_VenueLng":"","_VenueShowMap":false,"_VenueShowMapLink":false,"jetpack_post_was_ever_published":false,"footnotes":"","_tec_slr_enabled":"","_tec_slr_layout":""},"class_list":["post-8749","page","type-page","status-publish","hentry"],"yoast_head":"<!-- This site is optimized with the Yoast SEO plugin v27.3 - https:\/\/yoast.com\/product\/yoast-seo-wordpress\/ -->\n<title>ANIMATEURS BRIGANTINE Titre du site Nom de page<\/title>\n<meta name=\"description\" content=\"page r\u00e9serv\u00e9e animateurs Brigantine\" \/>\n<meta name=\"robots\" content=\"index, follow, max-snippet:-1, max-image-preview:large, max-video-preview:-1\" \/>\n<link rel=\"canonical\" href=\"https:\/\/ceylou.com\/wordpress\/animateurs-voile-brigantine\/animateurs-planning-sinscrire\/\" \/>\n<meta property=\"og:locale\" content=\"fr_FR\" \/>\n<meta property=\"og:type\" content=\"article\" \/>\n<meta property=\"og:title\" content=\"ANIMATEURS BRIGANTINE Titre du site Nom de page\" \/>\n<meta property=\"og:description\" content=\"page r\u00e9serv\u00e9e animateurs Brigantine\" \/>\n<meta property=\"og:url\" content=\"https:\/\/ceylou.com\/wordpress\/animateurs-voile-brigantine\/animateurs-planning-sinscrire\/\" \/>\n<meta property=\"og:site_name\" content=\"BRIGANTINE\" \/>\n<meta property=\"article:publisher\" content=\"https:\/\/www.facebook.com\/groups\/693945317450065\" \/>\n<meta property=\"article:modified_time\" content=\"2025-12-07T04:31:24+00:00\" \/>\n<meta property=\"og:image\" content=\"https:\/\/i0.wp.com\/ceylou.com\/wordpress\/wp-content\/uploads\/2022\/11\/Stages-voile-Brigantine-SO349.png?fit=480%2C306&ssl=1\" \/>\n\t<meta property=\"og:image:width\" content=\"480\" \/>\n\t<meta property=\"og:image:height\" content=\"306\" \/>\n\t<meta property=\"og:image:type\" content=\"image\/png\" \/>\n<meta name=\"twitter:card\" content=\"summary_large_image\" \/>\n<meta name=\"twitter:label1\" content=\"Dur\u00e9e de lecture estim\u00e9e\" \/>\n\t<meta name=\"twitter:data1\" content=\"1 minute\" \/>\n<script type=\"application\/ld+json\" class=\"yoast-schema-graph\">{\"@context\":\"https:\\\/\\\/schema.org\",\"@graph\":[{\"@type\":\"WebPage\",\"@id\":\"https:\\\/\\\/ceylou.com\\\/wordpress\\\/animateurs-voile-brigantine\\\/animateurs-planning-sinscrire\\\/\",\"url\":\"https:\\\/\\\/ceylou.com\\\/wordpress\\\/animateurs-voile-brigantine\\\/animateurs-planning-sinscrire\\\/\",\"name\":\"ANIMATEURS BRIGANTINE Titre du site Nom de page\",\"isPartOf\":{\"@id\":\"https:\\\/\\\/ceylou.com\\\/wordpress\\\/#website\"},\"datePublished\":\"2021-01-31T07:10:54+00:00\",\"dateModified\":\"2025-12-07T04:31:24+00:00\",\"description\":\"page r\u00e9serv\u00e9e animateurs Brigantine\",\"breadcrumb\":{\"@id\":\"https:\\\/\\\/ceylou.com\\\/wordpress\\\/animateurs-voile-brigantine\\\/animateurs-planning-sinscrire\\\/#breadcrumb\"},\"inLanguage\":\"fr-FR\",\"potentialAction\":[{\"@type\":\"ReadAction\",\"target\":[\"https:\\\/\\\/ceylou.com\\\/wordpress\\\/animateurs-voile-brigantine\\\/animateurs-planning-sinscrire\\\/\"]}]},{\"@type\":\"BreadcrumbList\",\"@id\":\"https:\\\/\\\/ceylou.com\\\/wordpress\\\/animateurs-voile-brigantine\\\/animateurs-planning-sinscrire\\\/#breadcrumb\",\"itemListElement\":[{\"@type\":\"ListItem\",\"position\":1,\"name\":\"Accueil\",\"item\":\"https:\\\/\\\/ceylou.com\\\/wordpress\\\/\"},{\"@type\":\"ListItem\",\"position\":2,\"name\":\"A.B. Page g\u00e9n\u00e9rale Animateurs Brigantine VOILE BRIGANTINE\",\"item\":\"https:\\\/\\\/ceylou.com\\\/wordpress\\\/animateurs-voile-brigantine\\\/\"},{\"@type\":\"ListItem\",\"position\":3,\"name\":\"ANIMATEURS BRIGANTINE\"}]},{\"@type\":\"WebSite\",\"@id\":\"https:\\\/\\\/ceylou.com\\\/wordpress\\\/#website\",\"url\":\"https:\\\/\\\/ceylou.com\\\/wordpress\\\/\",\"name\":\"BRIGANTINE\",\"description\":\"premi\u00e8re \u00e9cole de voile diff\u00e9rente\",\"publisher\":{\"@id\":\"https:\\\/\\\/ceylou.com\\\/wordpress\\\/#organization\"},\"alternateName\":\"BRIGANTINE ECOLE DE VOILE\",\"potentialAction\":[{\"@type\":\"SearchAction\",\"target\":{\"@type\":\"EntryPoint\",\"urlTemplate\":\"https:\\\/\\\/ceylou.com\\\/wordpress\\\/?s={search_term_string}\"},\"query-input\":{\"@type\":\"PropertyValueSpecification\",\"valueRequired\":true,\"valueName\":\"search_term_string\"}}],\"inLanguage\":\"fr-FR\"},{\"@type\":\"Organization\",\"@id\":\"https:\\\/\\\/ceylou.com\\\/wordpress\\\/#organization\",\"name\":\"ceylou.com Brigantine\",\"url\":\"https:\\\/\\\/ceylou.com\\\/wordpress\\\/\",\"logo\":{\"@type\":\"ImageObject\",\"inLanguage\":\"fr-FR\",\"@id\":\"https:\\\/\\\/ceylou.com\\\/wordpress\\\/#\\\/schema\\\/logo\\\/image\\\/\",\"url\":\"https:\\\/\\\/ceylou.com\\\/wordpress\\\/wp-content\\\/uploads\\\/2019\\\/10\\\/cropped-Brig-Accueil-haut-3.png\",\"contentUrl\":\"https:\\\/\\\/ceylou.com\\\/wordpress\\\/wp-content\\\/uploads\\\/2019\\\/10\\\/cropped-Brig-Accueil-haut-3.png\",\"width\":2030,\"height\":308,\"caption\":\"ceylou.com Brigantine\"},\"image\":{\"@id\":\"https:\\\/\\\/ceylou.com\\\/wordpress\\\/#\\\/schema\\\/logo\\\/image\\\/\"},\"sameAs\":[\"https:\\\/\\\/www.facebook.com\\\/groups\\\/693945317450065\",\"https:\\\/\\\/www.youtube.com\\\/user\\\/ceylou1\\\/playlists?view_as=public\"]}]}<\/script>\n<!-- \/ Yoast SEO plugin. -->","yoast_head_json":{"title":"ANIMATEURS BRIGANTINE Titre du site Nom de page","description":"page r\u00e9serv\u00e9e animateurs Brigantine","robots":{"index":"index","follow":"follow","max-snippet":"max-snippet:-1","max-image-preview":"max-image-preview:large","max-video-preview":"max-video-preview:-1"},"canonical":"https:\/\/ceylou.com\/wordpress\/animateurs-voile-brigantine\/animateurs-planning-sinscrire\/","og_locale":"fr_FR","og_type":"article","og_title":"ANIMATEURS BRIGANTINE Titre du site Nom de page","og_description":"page r\u00e9serv\u00e9e animateurs Brigantine","og_url":"https:\/\/ceylou.com\/wordpress\/animateurs-voile-brigantine\/animateurs-planning-sinscrire\/","og_site_name":"BRIGANTINE","article_publisher":"https:\/\/www.facebook.com\/groups\/693945317450065","article_modified_time":"2025-12-07T04:31:24+00:00","og_image":[{"width":480,"height":306,"url":"https:\/\/i0.wp.com\/ceylou.com\/wordpress\/wp-content\/uploads\/2022\/11\/Stages-voile-Brigantine-SO349.png?fit=480%2C306&ssl=1","type":"image\/png"}],"twitter_card":"summary_large_image","twitter_misc":{"Dur\u00e9e de lecture estim\u00e9e":"1 minute"},"schema":{"@context":"https:\/\/schema.org","@graph":[{"@type":"WebPage","@id":"https:\/\/ceylou.com\/wordpress\/animateurs-voile-brigantine\/animateurs-planning-sinscrire\/","url":"https:\/\/ceylou.com\/wordpress\/animateurs-voile-brigantine\/animateurs-planning-sinscrire\/","name":"ANIMATEURS BRIGANTINE Titre du site Nom de page","isPartOf":{"@id":"https:\/\/ceylou.com\/wordpress\/#website"},"datePublished":"2021-01-31T07:10:54+00:00","dateModified":"2025-12-07T04:31:24+00:00","description":"page r\u00e9serv\u00e9e animateurs Brigantine","breadcrumb":{"@id":"https:\/\/ceylou.com\/wordpress\/animateurs-voile-brigantine\/animateurs-planning-sinscrire\/#breadcrumb"},"inLanguage":"fr-FR","potentialAction":[{"@type":"ReadAction","target":["https:\/\/ceylou.com\/wordpress\/animateurs-voile-brigantine\/animateurs-planning-sinscrire\/"]}]},{"@type":"BreadcrumbList","@id":"https:\/\/ceylou.com\/wordpress\/animateurs-voile-brigantine\/animateurs-planning-sinscrire\/#breadcrumb","itemListElement":[{"@type":"ListItem","position":1,"name":"Accueil","item":"https:\/\/ceylou.com\/wordpress\/"},{"@type":"ListItem","position":2,"name":"A.B. Page g\u00e9n\u00e9rale Animateurs Brigantine VOILE BRIGANTINE","item":"https:\/\/ceylou.com\/wordpress\/animateurs-voile-brigantine\/"},{"@type":"ListItem","position":3,"name":"ANIMATEURS BRIGANTINE"}]},{"@type":"WebSite","@id":"https:\/\/ceylou.com\/wordpress\/#website","url":"https:\/\/ceylou.com\/wordpress\/","name":"BRIGANTINE","description":"premi\u00e8re \u00e9cole de voile diff\u00e9rente","publisher":{"@id":"https:\/\/ceylou.com\/wordpress\/#organization"},"alternateName":"BRIGANTINE ECOLE DE VOILE","potentialAction":[{"@type":"SearchAction","target":{"@type":"EntryPoint","urlTemplate":"https:\/\/ceylou.com\/wordpress\/?s={search_term_string}"},"query-input":{"@type":"PropertyValueSpecification","valueRequired":true,"valueName":"search_term_string"}}],"inLanguage":"fr-FR"},{"@type":"Organization","@id":"https:\/\/ceylou.com\/wordpress\/#organization","name":"ceylou.com Brigantine","url":"https:\/\/ceylou.com\/wordpress\/","logo":{"@type":"ImageObject","inLanguage":"fr-FR","@id":"https:\/\/ceylou.com\/wordpress\/#\/schema\/logo\/image\/","url":"https:\/\/ceylou.com\/wordpress\/wp-content\/uploads\/2019\/10\/cropped-Brig-Accueil-haut-3.png","contentUrl":"https:\/\/ceylou.com\/wordpress\/wp-content\/uploads\/2019\/10\/cropped-Brig-Accueil-haut-3.png","width":2030,"height":308,"caption":"ceylou.com Brigantine"},"image":{"@id":"https:\/\/ceylou.com\/wordpress\/#\/schema\/logo\/image\/"},"sameAs":["https:\/\/www.facebook.com\/groups\/693945317450065","https:\/\/www.youtube.com\/user\/ceylou1\/playlists?view_as=public"]}]}},"ticketed":false,"_links":{"self":[{"href":"https:\/\/ceylou.com\/wordpress\/wp-json\/wp\/v2\/pages\/8749","targetHints":{"allow":["GET"]}}],"collection":[{"href":"https:\/\/ceylou.com\/wordpress\/wp-json\/wp\/v2\/pages"}],"about":[{"href":"https:\/\/ceylou.com\/wordpress\/wp-json\/wp\/v2\/types\/page"}],"author":[{"embeddable":true,"href":"https:\/\/ceylou.com\/wordpress\/wp-json\/wp\/v2\/users\/1"}],"replies":[{"embeddable":true,"href":"https:\/\/ceylou.com\/wordpress\/wp-json\/wp\/v2\/comments?post=8749"}],"version-history":[{"count":0,"href":"https:\/\/ceylou.com\/wordpress\/wp-json\/wp\/v2\/pages\/8749\/revisions"}],"up":[{"embeddable":true,"href":"https:\/\/ceylou.com\/wordpress\/wp-json\/wp\/v2\/pages\/4473"}],"wp:attachment":[{"href":"https:\/\/ceylou.com\/wordpress\/wp-json\/wp\/v2\/media?parent=8749"}],"curies":[{"name":"wp","href":"https:\/\/api.w.org\/{rel}","templated":true}]}}