{"id":4802,"date":"2026-01-31T02:12:24","date_gmt":"2026-01-31T01:12:24","guid":{"rendered":"https:\/\/ceylou.com\/wordpress\/?page_id=4802"},"modified":"2026-04-24T15:00:04","modified_gmt":"2026-04-24T13:00:04","slug":"match-racing-news","status":"publish","type":"page","link":"https:\/\/ceylou.com\/wordpress\/match-racing-news\/","title":{"rendered":"Match Racing news"},"content":{"rendered":"\n<h2 class=\"wp-block-heading has-text-align-center\">Match Racing  news<\/h2>\n\n\n\n<hr class=\"wp-block-separator has-css-opacity\"\/>\n\n\n\n<h3 class=\"wp-block-heading\">les r\u00e9sultats match-racing f\u00e9minin><a href=\"https:\/\/ceylou.com\/wordpress\/pauline-courtois-et-son-team-matchin-pink-by-normandy-elite-team-5ieme-titre-mondial-de-match-racing\/\">Lire<\/a><\/h3>\n\n\n\n<hr class=\"wp-block-separator has-css-opacity\"\/>\n","protected":false},"excerpt":{"rendered":"<p>Match Racing news les r\u00e9sultats match-racing f\u00e9minin>Lire<\/p>\n","protected":false},"author":1,"featured_media":0,"parent":0,"menu_order":0,"comment_status":"closed","ping_status":"closed","template":"","meta":{"_crdt_document":"{\"document\":\"AAAW3bSclx6QAbn6+oIQveGH1wu\/0o7vAy0IJLIVAVGqAgIBAgoCQgEESgCCAQECCgEESgAcAQIKAkIBA0oAkgYBAgoBBEoAQSgDJwAEACcABAAnACgEJwAoUycABwAoAycBBAAoBicAhwAoAycAKAYnAIcAKAMnAQQAKAUnAIcAKAMnACgGJwAh2RyoG3N0YXRldmVyc2lvbmRvY3VtZW50ZGF0ZWRvY3VtZW50c2x1Z2RvY3VtZW50c3RhdHVzZG9jdW1lbnR0aXRsZU1hdGNoIFJhY2luZyBuZXdzZG9jdW1lbnRjb250ZW50PCEtLSB3cDpoZWFkaW5nIHsiZGF0ZVVwZGF0ZWQiOjE3Njk4MjIxNzAwMzUsInN0eWxlIjp7InR5cG9ncmFwaHkiOnsidGV4dEFsaWduIjoiY2VudGVyIn19fSAtLT4KPGgyIGNsYXNzPSJ3cC1ibG9jay1oZWFkaW5nIGhhcy10ZXh0LWFsaWduLWNlbnRlciI+TWF0Y2ggUmFjaW5nICBuZXdzPC9oMj4KPCEtLSAvd3A6aGVhZGluZyAtLT4KCjwhLS0gd3A6c2VwYXJhdG9yIHsib3BhY2l0eSI6ImNzcyJ9IC0tPgo8aHIgY2xhc3M9IndwLWJsb2NrLXNlcGFyYXRvciBoYXMtY3NzLW9wYWNpdHkiLz4KPCEtLSAvd3A6c2VwYXJhdG9yIC0tPgoKPCEtLSB3cDpoZWFkaW5nIHsibGV2ZWwiOjN9IC0tPgo8aDMgY2xhc3M9IndwLWJsb2NrLWhlYWRpbmciPmxlcyByw6lzdWx0YXRzIG1hdGNoLXJhY2luZyBmw6ltaW5pbj48YSBocmVmPSJodHRwczovL2NleWxvdS5jb20vd29yZHByZXNzL3BhdWxpbmUtY291cnRvaXMtZXQtc29uLXRlYW0tbWF0Y2hpbi1waW5rLWJ5LW5vcm1hbmR5LWVsaXRlLXRlYW0tNWllbWUtdGl0cmUtbW9uZGlhbC1kZS1tYXRjaC1yYWNpbmcvIj5MaXJlPC9hPjwvaDM+CjwhLS0gL3dwOmhlYWRpbmcgLS0+Cgo8IS0tIHdwOnNlcGFyYXRvciB7Im9wYWNpdHkiOiJjc3MifSAtLT4KPGhyIGNsYXNzPSJ3cC1ibG9jay1zZXBhcmF0b3IgaGFzLWNzcy1vcGFjaXR5Ii8+CjwhLS0gL3dwOnNlcGFyYXRvciAtLT5kb2N1bWVudGV4Y2VycHRkb2N1bWVudGF1dGhvcmRvY3VtZW50ZmVhdHVyZWRfbWVkaWFkb2N1bWVudGNvbW1lbnRfc3RhdHVzZG9jdW1lbnRwaW5nX3N0YXR1c2RvY3VtZW50dGVtcGxhdGVkb2N1bWVudG1ldGFfdWZfc2hvd19zcGVjaWZpY19zdXJ2ZXlfdWZfZGlzYWJsZV9zdXJ2ZXlzc2l0ZS1zaWRlYmFyLWxheW91dHNpdGUtY29udGVudC1sYXlvdXRhc3Qtc2l0ZS1jb250ZW50LWxheW91dHNpdGUtY29udGVudC1zdHlsZXNpdGUtc2lkZWJhci1zdHlsZWFzdC1nbG9iYWwtaGVhZGVyLWRpc3BsYXlhc3QtYmFubmVyLXRpdGxlLXZpc2liaWxpdHlhc3QtbWFpbi1oZWFkZXItZGlzcGxheWFzdC1oZmItYWJvdmUtaGVhZGVyLWRpc3BsYXlhc3QtaGZiLWJlbG93LWhlYWRlci1kaXNwbGF5YXN0LWhmYi1tb2JpbGUtaGVhZGVyLWRpc3BsYXlzaXRlLXBvc3QtdGl0bGVhc3QtYnJlYWRjcnVtYnMtY29udGVudGFzdC1mZWF0dXJlZC1pbWdmb290ZXItc21sLWxheW91dGFzdC1kaXNhYmxlLXJlbGF0ZWQtcG9zdHN0aGVtZS10cmFuc3BhcmVudC1oZWFkZXItbWV0YWFkdi1oZWFkZXItaWQtbWV0YXN0aWNrLWhlYWRlci1tZXRhaGVhZGVyLWFib3ZlLXN0aWNrLW1ldGFoZWFkZXItbWFpbi1zdGljay1tZXRhaGVhZGVyLWJlbG93LXN0aWNrLW1ldGFhc3RyYS1taWdyYXRlLW1ldGEtbGF5b3V0c2FzdC1wYWdlLWJhY2tncm91bmQtZW5hYmxlZGFzdC1wYWdlLWJhY2tncm91bmQtbWV0YWFzdC1jb250ZW50LWJhY2tncm91bmQtbWV0YV9wcmljZV9zdG9ja190cmliZV90aWNrZXRfaGVhZGVyX3RyaWJlX2RlZmF1bHRfdGlja2V0X3Byb3ZpZGVyX3RyaWJlX3RpY2tldF9jYXBhY2l0eV90aWNrZXRfc3RhcnRfZGF0ZV90aWNrZXRfZW5kX2RhdGVfdHJpYmVfdGlja2V0X3Nob3dfZGVzY3JpcHRpb25fdHJpYmVfdGlja2V0X3Nob3dfbm90X2dvaW5nX3RyaWJlX3RpY2tldF91c2VfZ2xvYmFsX3N0b2NrX3RyaWJlX3RpY2tldF9nbG9iYWxfc3RvY2tfbGV2ZWxfZ2xvYmFsX3N0b2NrX21vZGVfZ2xvYmFsX3N0b2NrX2NhcF90cmliZV9yc3ZwX2Zvcl9ldmVudF90cmliZV90aWNrZXRfZ29pbmdfY291bnRfdHJpYmVfdGlja2V0X25vdF9nb2luZ19jb3VudF90cmliZV90aWNrZXRzX2xpc3RfdHJpYmVfdGlja2V0X2hhc19hdHRlbmRlZV9pbmZvX2ZpZWxkc19FdmVudEFsbERheV9FdmVudFRpbWV6b25lX0V2ZW50U3RhcnREYXRlX0V2ZW50RW5kRGF0ZV9FdmVudFN0YXJ0RGF0ZVVUQ19FdmVudEVuZERhdGVVVENfRXZlbnRTaG93TWFwX0V2ZW50U2hvd01hcExpbmtfRXZlbnRVUkxfRXZlbnRDb3N0X0V2ZW50Q29zdERlc2NyaXB0aW9uX0V2ZW50Q3VycmVuY3lTeW1ib2xfRXZlbnRDdXJyZW5jeUNvZGVfRXZlbnRDdXJyZW5jeVBvc2l0aW9uX0V2ZW50RGF0ZVRpbWVTZXBhcmF0b3JfRXZlbnRUaW1lUmFuZ2VTZXBhcmF0b3JfRXZlbnRPcmdhbml6ZXJJRF9FdmVudFZlbnVlSURfT3JnYW5pemVyRW1haWxfT3JnYW5pemVyUGhvbmVfT3JnYW5pemVyV2Vic2l0ZV9WZW51ZUFkZHJlc3NfVmVudWVDaXR5X1ZlbnVlQ291bnRyeV9WZW51ZVByb3ZpbmNlX1ZlbnVlU3RhdGVfVmVudWVaaXBfVmVudWVQaG9uZV9WZW51ZVVSTF9WZW51ZVN0YXRlUHJvdmluY2VfVmVudWVMYXRfVmVudWVMbmdfVmVudWVTaG93TWFwX1ZlbnVlU2hvd01hcExpbmtqZXRwYWNrX3Bvc3Rfd2FzX2V2ZXJfcHVibGlzaGVkZm9vdG5vdGVzX3RlY19zbHJfZW5hYmxlZF90ZWNfc2xyX2xheW91dGRvY3VtZW50YmxvY2tzY2xpZW50SWRpc1ZhbGlkb3JpZ2luYWxDb250ZW50bmFtZWF0dHJpYnV0ZXNjb250ZW50TWF0Y2ggUmFjaW5nICBuZXdzbGV2ZWxleHRlbmRlZF93aWRnZXRfb3B0c19ibG9ja2V4dGVuZGVkX3dpZGdldF9vcHRzZXh0ZW5kZWRfd2lkZ2V0X29wdHNfc3RhdGVleHRlbmRlZF93aWRnZXRfb3B0c19jbGllbnRpZGRhdGVVcGRhdGVkc3R5bGVpbm5lckJsb2Nrc2NsaWVudElkaXNWYWxpZG9yaWdpbmFsQ29udGVudG5hbWVhdHRyaWJ1dGVzb3BhY2l0eXRhZ05hbWVleHRlbmRlZF93aWRnZXRfb3B0c19ibG9ja2V4dGVuZGVkX3dpZGdldF9vcHRzZXh0ZW5kZWRfd2lkZ2V0X29wdHNfc3RhdGVleHRlbmRlZF93aWRnZXRfb3B0c19jbGllbnRpZGRhdGVVcGRhdGVkaW5uZXJCbG9ja3NjbGllbnRJZGlzVmFsaWRvcmlnaW5hbENvbnRlbnRuYW1lYXR0cmlidXRlc2NvbnRlbnRsZXMgcsOpc3VsdGF0cyBtYXRjaC1yYWNpbmcgZsOpbWluaW4mZ3Q7PGEgaHJlZj0iaHR0cHM6Ly9jZXlsb3UuY29tL3dvcmRwcmVzcy9wYXVsaW5lLWNvdXJ0b2lzLWV0LXNvbi10ZWFtLW1hdGNoaW4tcGluay1ieS1ub3JtYW5keS1lbGl0ZS10ZWFtLTVpZW1lLXRpdHJlLW1vbmRpYWwtZGUtbWF0Y2gtcmFjaW5nLyI+TGlyZTwvYT5sZXZlbGV4dGVuZGVkX3dpZGdldF9vcHRzX2Jsb2NrZXh0ZW5kZWRfd2lkZ2V0X29wdHNleHRlbmRlZF93aWRnZXRfb3B0c19zdGF0ZWV4dGVuZGVkX3dpZGdldF9vcHRzX2NsaWVudGlkZGF0ZVVwZGF0ZWRpbm5lckJsb2Nrc2NsaWVudElkaXNWYWxpZG9yaWdpbmFsQ29udGVudG5hbWVhdHRyaWJ1dGVzb3BhY2l0eXRhZ05hbWVleHRlbmRlZF93aWRnZXRfb3B0c19ibG9ja2V4dGVuZGVkX3dpZGdldF9vcHRzZXh0ZW5kZWRfd2lkZ2V0X29wdHNfc3RhdGVleHRlbmRlZF93aWRnZXRfb3B0c19jbGllbnRpZGRhdGVVcGRhdGVkaW5uZXJCbG9ja3NzdGF0ZXZlcnNpb25zdGF0ZXZlcnNpb25zdGF0ZXZlcnNpb24FBwgECAQIBggFEQgHsgoIBwgGCA4IDggLSAEEGFMBF1IAGRsXXAAdDxcQERkdEhEXFhcaGxgbRgAUHhYSEB4cHiASERUZHRMmDA4PDRIQDREJChUUEhYXGBENTwARDQoNDgsJCwkTSQANER8JEA8IBggHDwQKBxIFGhQaHQsFCwgHDwQKRwAaFBodSwAIBw8ECge7AgUaFBodSwAIBw8ECkcAGhQaHUsABQcFBwUHEQEEAAABAAAAAQYAUwEAADcBEkIBAQBBAAIAQQAAQQACAEEAAANBiQEEnwEAfQF3EzIwMjYtMDEtMzFUMDI6MTI6MjR3EW1hdGNoLXJhY2luZy1uZXdzdwdwdWJsaXNofQF9AHcGY2xvc2VkdwZjbG9zZWR3AH0AeXcHZGVmYXVsdHcAdwdkZWZhdWx0dwdkZWZhdWx0dwdkZWZhdWx0dwB3AHcAdwB3AHcAdwB3AHcAdwB3AHcAdwB3AHcAdwB3AHcDc2V0dwdkZWZhdWx0dgMHZGVza3RvcHYMEGJhY2tncm91bmQtY29sb3J3GXZhcigtLWFzdC1nbG9iYWwtY29sb3ItNCkQYmFja2dyb3VuZC1pbWFnZXcAEWJhY2tncm91bmQtcmVwZWF0dwZyZXBlYXQTYmFja2dyb3VuZC1wb3NpdGlvbncNY2VudGVyIGNlbnRlcg9iYWNrZ3JvdW5kLXNpemV3BGF1dG8VYmFja2dyb3VuZC1hdHRhY2htZW50dwZzY3JvbGwPYmFja2dyb3VuZC10eXBldwAQYmFja2dyb3VuZC1tZWRpYXcADG92ZXJsYXktdHlwZXcADW92ZXJsYXktY29sb3J3AA9vdmVybGF5LW9wYWNpdHl3ABBvdmVybGF5LWdyYWRpZW50dwAGdGFibGV0dgwQYmFja2dyb3VuZC1jb2xvcncAEGJhY2tncm91bmQtaW1hZ2V3ABFiYWNrZ3JvdW5kLXJlcGVhdHcGcmVwZWF0E2JhY2tncm91bmQtcG9zaXRpb253DWNlbnRlciBjZW50ZXIPYmFja2dyb3VuZC1zaXpldwRhdXRvFWJhY2tncm91bmQtYXR0YWNobWVudHcGc2Nyb2xsD2JhY2tncm91bmQtdHlwZXcAEGJhY2tncm91bmQtbWVkaWF3AAxvdmVybGF5LXR5cGV3AA1vdmVybGF5LWNvbG9ydwAPb3ZlcmxheS1vcGFjaXR5dwAQb3ZlcmxheS1ncmFkaWVudHcABm1vYmlsZXYMEGJhY2tncm91bmQtY29sb3J3ABBiYWNrZ3JvdW5kLWltYWdldwARYmFja2dyb3VuZC1yZXBlYXR3BnJlcGVhdBNiYWNrZ3JvdW5kLXBvc2l0aW9udw1jZW50ZXIgY2VudGVyD2JhY2tncm91bmQtc2l6ZXcEYXV0bxViYWNrZ3JvdW5kLWF0dGFjaG1lbnR3BnNjcm9sbA9iYWNrZ3JvdW5kLXR5cGV3ABBiYWNrZ3JvdW5kLW1lZGlhdwAMb3ZlcmxheS10eXBldwANb3ZlcmxheS1jb2xvcncAD292ZXJsYXktb3BhY2l0eXcAEG92ZXJsYXktZ3JhZGllbnR3AHYDB2Rlc2t0b3B2DBBiYWNrZ3JvdW5kLWNvbG9ydxl2YXIoLS1hc3QtZ2xvYmFsLWNvbG9yLTUpEGJhY2tncm91bmQtaW1hZ2V3ABFiYWNrZ3JvdW5kLXJlcGVhdHcGcmVwZWF0E2JhY2tncm91bmQtcG9zaXRpb253DWNlbnRlciBjZW50ZXIPYmFja2dyb3VuZC1zaXpldwRhdXRvFWJhY2tncm91bmQtYXR0YWNobWVudHcGc2Nyb2xsD2JhY2tncm91bmQtdHlwZXcAEGJhY2tncm91bmQtbWVkaWF3AAxvdmVybGF5LXR5cGV3AA1vdmVybGF5LWNvbG9ydwAPb3ZlcmxheS1vcGFjaXR5dwAQb3ZlcmxheS1ncmFkaWVudHcABnRhYmxldHYMEGJhY2tncm91bmQtY29sb3J3GXZhcigtLWFzdC1nbG9iYWwtY29sb3ItNSkQYmFja2dyb3VuZC1pbWFnZXcAEWJhY2tncm91bmQtcmVwZWF0dwZyZXBlYXQTYmFja2dyb3VuZC1wb3NpdGlvbncNY2VudGVyIGNlbnRlcg9iYWNrZ3JvdW5kLXNpemV3BGF1dG8VYmFja2dyb3VuZC1hdHRhY2htZW50dwZzY3JvbGwPYmFja2dyb3VuZC10eXBldwAQYmFja2dyb3VuZC1tZWRpYXcADG92ZXJsYXktdHlwZXcADW92ZXJsYXktY29sb3J3AA9vdmVybGF5LW9wYWNpdHl3ABBvdmVybGF5LWdyYWRpZW50dwAGbW9iaWxldgwQYmFja2dyb3VuZC1jb2xvcncZdmFyKC0tYXN0LWdsb2JhbC1jb2xvci01KRBiYWNrZ3JvdW5kLWltYWdldwARYmFja2dyb3VuZC1yZXBlYXR3BnJlcGVhdBNiYWNrZ3JvdW5kLXBvc2l0aW9udw1jZW50ZXIgY2VudGVyD2JhY2tncm91bmQtc2l6ZXcEYXV0bxViYWNrZ3JvdW5kLWF0dGFjaG1lbnR3BnNjcm9sbA9iYWNrZ3JvdW5kLXR5cGV3ABBiYWNrZ3JvdW5kLW1lZGlhdwAMb3ZlcmxheS10eXBldwANb3ZlcmxheS1jb2xvcncAD292ZXJsYXktb3BhY2l0eXcAEG92ZXJsYXktZ3JhZGllbnR3AHcAdwB3AHcAdwEwdwB3AHcAeXcAdwB3AHcAdwB3AHcAdwJbXXl5dwB3AHcAdwB3AHl5dwB3AHcAdwB3AHcAdwB3AHUAdQB3AHcAdwB3AHcAdwB3AHcAdwB3AHcAdwB3AHcAeXl5dwB3AHcAdyQxOTc2ZjFjMy05Yzk0LTRjMTQtYTRjZC1jYTcyNTE1MjM5ZjN4d0o8aDIgY2xhc3M9IndwLWJsb2NrLWhlYWRpbmcgaGFzLXRleHQtYWxpZ24tY2VudGVyIj5NYXRjaCBSYWNpbmcgIG5ld3M8L2gyPncMY29yZS9oZWFkaW5nfQJ2AHYAdwB3AHcAdgEKdHlwb2dyYXBoeXYBCXRleHRBbGlnbncGY2VudGVydyQzMGYzZGM4Yi0yYjJhLTQ0MzgtOGJlYi0wMzFhYWYwNDcwMjl4dzA8aHIgY2xhc3M9IndwLWJsb2NrLXNlcGFyYXRvciBoYXMtY3NzLW9wYWNpdHkiLz53DmNvcmUvc2VwYXJhdG9ydwNjc3N3AmhydgB2AHcAdwB3AHckZTQ5M2EzZGUtMGE5Mi00YmFlLThjY2MtZTg0Y2YzN2ZkNzRjeHfcATxoMyBjbGFzcz0id3AtYmxvY2staGVhZGluZyI+bGVzIHLDqXN1bHRhdHMgbWF0Y2gtcmFjaW5nIGbDqW1pbmluPjxhIGhyZWY9Imh0dHBzOi8vY2V5bG91LmNvbS93b3JkcHJlc3MvcGF1bGluZS1jb3VydG9pcy1ldC1zb24tdGVhbS1tYXRjaGluLXBpbmstYnktbm9ybWFuZHktZWxpdGUtdGVhbS01aWVtZS10aXRyZS1tb25kaWFsLWRlLW1hdGNoLXJhY2luZy8iPkxpcmU8L2E+PC9oMz53DGNvcmUvaGVhZGluZ30DdgB2AHcAdwB3AHckNzg1MTJmNmYtYjBmMi00YWJjLThkYzctOTZlY2VjZTM4ZmUzeHcwPGhyIGNsYXNzPSJ3cC1ibG9jay1zZXBhcmF0b3IgaGFzLWNzcy1vcGFjaXR5Ii8+dw5jb3JlL3NlcGFyYXRvcncDY3NzdwJocnYAdgB3AHcAdwABAAEAAQADub29gQgBAAD98MPrBQEAAL+px\/cBAQAA\",\"updateId\":469903541}","_uf_show_specific_survey":0,"_uf_disable_surveys":false,"site-sidebar-layout":"default","site-content-layout":"","ast-site-content-layout":"default","site-content-style":"default","site-sidebar-style":"default","ast-global-header-display":"","ast-banner-title-visibility":"","ast-main-header-display":"","ast-hfb-above-header-display":"","ast-hfb-below-header-display":"","ast-hfb-mobile-header-display":"","site-post-title":"","ast-breadcrumbs-content":"","ast-featured-img":"","footer-sml-layout":"","ast-disable-related-posts":"","theme-transparent-header-meta":"","adv-header-id-meta":"","stick-header-meta":"","header-above-stick-meta":"","header-main-stick-meta":"","header-below-stick-meta":"","astra-migrate-meta-layouts":"set","ast-page-background-enabled":"default","ast-page-background-meta":{"desktop":{"background-color":"var(--ast-global-color-4)","background-image":"","background-repeat":"repeat","background-position":"center center","background-size":"auto","background-attachment":"scroll","background-type":"","background-media":"","overlay-type":"","overlay-color":"","overlay-opacity":"","overlay-gradient":""},"tablet":{"background-color":"","background-image":"","background-repeat":"repeat","background-position":"center center","background-size":"auto","background-attachment":"scroll","background-type":"","background-media":"","overlay-type":"","overlay-color":"","overlay-opacity":"","overlay-gradient":""},"mobile":{"background-color":"","background-image":"","background-repeat":"repeat","background-position":"center center","background-size":"auto","background-attachment":"scroll","background-type":"","background-media":"","overlay-type":"","overlay-color":"","overlay-opacity":"","overlay-gradient":""}},"ast-content-background-meta":{"desktop":{"background-color":"var(--ast-global-color-5)","background-image":"","background-repeat":"repeat","background-position":"center center","background-size":"auto","background-attachment":"scroll","background-type":"","background-media":"","overlay-type":"","overlay-color":"","overlay-opacity":"","overlay-gradient":""},"tablet":{"background-color":"var(--ast-global-color-5)","background-image":"","background-repeat":"repeat","background-position":"center center","background-size":"auto","background-attachment":"scroll","background-type":"","background-media":"","overlay-type":"","overlay-color":"","overlay-opacity":"","overlay-gradient":""},"mobile":{"background-color":"var(--ast-global-color-5)","background-image":"","background-repeat":"repeat","background-position":"center center","background-size":"auto","background-attachment":"scroll","background-type":"","background-media":"","overlay-type":"","overlay-color":"","overlay-opacity":"","overlay-gradient":""}},"_price":"","_stock":"","_tribe_ticket_header":"","_tribe_default_ticket_provider":"","_tribe_ticket_capacity":"0","_ticket_start_date":"","_ticket_end_date":"","_tribe_ticket_show_description":"","_tribe_ticket_show_not_going":false,"_tribe_ticket_use_global_stock":"","_tribe_ticket_global_stock_level":"","_global_stock_mode":"","_global_stock_cap":"","_tribe_rsvp_for_event":"","_tribe_ticket_going_count":"","_tribe_ticket_not_going_count":"","_tribe_tickets_list":"[]","_tribe_ticket_has_attendee_info_fields":false,"_EventAllDay":false,"_EventTimezone":"","_EventStartDate":"","_EventEndDate":"","_EventStartDateUTC":"","_EventEndDateUTC":"","_EventShowMap":false,"_EventShowMapLink":false,"_EventURL":"","_EventCost":"","_EventCostDescription":"","_EventCurrencySymbol":"","_EventCurrencyCode":"","_EventCurrencyPosition":"","_EventDateTimeSeparator":"","_EventTimeRangeSeparator":"","_EventOrganizerID":[],"_EventVenueID":[],"_OrganizerEmail":"","_OrganizerPhone":"","_OrganizerWebsite":"","_VenueAddress":"","_VenueCity":"","_VenueCountry":"","_VenueProvince":"","_VenueState":"","_VenueZip":"","_VenuePhone":"","_VenueURL":"","_VenueStateProvince":"","_VenueLat":"","_VenueLng":"","_VenueShowMap":false,"_VenueShowMapLink":false,"jetpack_post_was_ever_published":false,"footnotes":"","_tec_slr_enabled":"","_tec_slr_layout":""},"class_list":["post-4802","page","type-page","status-publish","hentry"],"yoast_head":"<!-- This site is optimized with the Yoast SEO plugin v27.3 - https:\/\/yoast.com\/product\/yoast-seo-wordpress\/ -->\n<title>Match Racing news<\/title>\n<meta name=\"description\" content=\"Les \u00e9preuves de Match-racing avec Lyon match racing\" \/>\n<meta name=\"robots\" content=\"index, follow, max-snippet:-1, max-image-preview:large, max-video-preview:-1\" \/>\n<link rel=\"canonical\" href=\"https:\/\/ceylou.com\/wordpress\/match-racing-news\/\" \/>\n<meta property=\"og:locale\" content=\"fr_FR\" \/>\n<meta property=\"og:type\" content=\"article\" \/>\n<meta property=\"og:title\" content=\"Match Racing news\" \/>\n<meta property=\"og:description\" content=\"Les \u00e9preuves de Match-racing avec Lyon match racing\" \/>\n<meta property=\"og:url\" content=\"https:\/\/ceylou.com\/wordpress\/match-racing-news\/\" \/>\n<meta property=\"og:site_name\" content=\"BRIGANTINE\" \/>\n<meta property=\"article:publisher\" content=\"https:\/\/www.facebook.com\/groups\/693945317450065\" \/>\n<meta property=\"article:modified_time\" content=\"2026-04-24T13:00:04+00:00\" \/>\n<meta property=\"og:image\" content=\"https:\/\/i0.wp.com\/ceylou.com\/wordpress\/wp-content\/uploads\/2022\/11\/Stages-voile-Brigantine-SO349.png?fit=480%2C306&ssl=1\" \/>\n\t<meta property=\"og:image:width\" content=\"480\" \/>\n\t<meta property=\"og:image:height\" content=\"306\" \/>\n\t<meta property=\"og:image:type\" content=\"image\/png\" \/>\n<meta name=\"twitter:card\" content=\"summary_large_image\" \/>\n<meta name=\"twitter:label1\" content=\"Dur\u00e9e de lecture estim\u00e9e\" \/>\n\t<meta name=\"twitter:data1\" content=\"1 minute\" \/>\n<script type=\"application\/ld+json\" class=\"yoast-schema-graph\">{\"@context\":\"https:\\\/\\\/schema.org\",\"@graph\":[{\"@type\":\"WebPage\",\"@id\":\"https:\\\/\\\/ceylou.com\\\/wordpress\\\/match-racing-news\\\/\",\"url\":\"https:\\\/\\\/ceylou.com\\\/wordpress\\\/match-racing-news\\\/\",\"name\":\"Match Racing news\",\"isPartOf\":{\"@id\":\"https:\\\/\\\/ceylou.com\\\/wordpress\\\/#website\"},\"datePublished\":\"2026-01-31T01:12:24+00:00\",\"dateModified\":\"2026-04-24T13:00:04+00:00\",\"description\":\"Les \u00e9preuves de Match-racing avec Lyon match racing\",\"breadcrumb\":{\"@id\":\"https:\\\/\\\/ceylou.com\\\/wordpress\\\/match-racing-news\\\/#breadcrumb\"},\"inLanguage\":\"fr-FR\",\"potentialAction\":[{\"@type\":\"ReadAction\",\"target\":[\"https:\\\/\\\/ceylou.com\\\/wordpress\\\/match-racing-news\\\/\"]}]},{\"@type\":\"BreadcrumbList\",\"@id\":\"https:\\\/\\\/ceylou.com\\\/wordpress\\\/match-racing-news\\\/#breadcrumb\",\"itemListElement\":[{\"@type\":\"ListItem\",\"position\":1,\"name\":\"Accueil\",\"item\":\"https:\\\/\\\/ceylou.com\\\/wordpress\\\/\"},{\"@type\":\"ListItem\",\"position\":2,\"name\":\"Match Racing news\"}]},{\"@type\":\"WebSite\",\"@id\":\"https:\\\/\\\/ceylou.com\\\/wordpress\\\/#website\",\"url\":\"https:\\\/\\\/ceylou.com\\\/wordpress\\\/\",\"name\":\"BRIGANTINE\",\"description\":\"premi\u00e8re \u00e9cole de voile diff\u00e9rente\",\"publisher\":{\"@id\":\"https:\\\/\\\/ceylou.com\\\/wordpress\\\/#organization\"},\"alternateName\":\"BRIGANTINE ECOLE DE VOILE\",\"potentialAction\":[{\"@type\":\"SearchAction\",\"target\":{\"@type\":\"EntryPoint\",\"urlTemplate\":\"https:\\\/\\\/ceylou.com\\\/wordpress\\\/?s={search_term_string}\"},\"query-input\":{\"@type\":\"PropertyValueSpecification\",\"valueRequired\":true,\"valueName\":\"search_term_string\"}}],\"inLanguage\":\"fr-FR\"},{\"@type\":\"Organization\",\"@id\":\"https:\\\/\\\/ceylou.com\\\/wordpress\\\/#organization\",\"name\":\"ceylou.com Brigantine\",\"url\":\"https:\\\/\\\/ceylou.com\\\/wordpress\\\/\",\"logo\":{\"@type\":\"ImageObject\",\"inLanguage\":\"fr-FR\",\"@id\":\"https:\\\/\\\/ceylou.com\\\/wordpress\\\/#\\\/schema\\\/logo\\\/image\\\/\",\"url\":\"https:\\\/\\\/ceylou.com\\\/wordpress\\\/wp-content\\\/uploads\\\/2019\\\/10\\\/cropped-Brig-Accueil-haut-3.png\",\"contentUrl\":\"https:\\\/\\\/ceylou.com\\\/wordpress\\\/wp-content\\\/uploads\\\/2019\\\/10\\\/cropped-Brig-Accueil-haut-3.png\",\"width\":2030,\"height\":308,\"caption\":\"ceylou.com Brigantine\"},\"image\":{\"@id\":\"https:\\\/\\\/ceylou.com\\\/wordpress\\\/#\\\/schema\\\/logo\\\/image\\\/\"},\"sameAs\":[\"https:\\\/\\\/www.facebook.com\\\/groups\\\/693945317450065\",\"https:\\\/\\\/www.youtube.com\\\/user\\\/ceylou1\\\/playlists?view_as=public\"]}]}<\/script>\n<!-- \/ Yoast SEO plugin. -->","yoast_head_json":{"title":"Match Racing news","description":"Les \u00e9preuves de Match-racing avec Lyon match racing","robots":{"index":"index","follow":"follow","max-snippet":"max-snippet:-1","max-image-preview":"max-image-preview:large","max-video-preview":"max-video-preview:-1"},"canonical":"https:\/\/ceylou.com\/wordpress\/match-racing-news\/","og_locale":"fr_FR","og_type":"article","og_title":"Match Racing news","og_description":"Les \u00e9preuves de Match-racing avec Lyon match racing","og_url":"https:\/\/ceylou.com\/wordpress\/match-racing-news\/","og_site_name":"BRIGANTINE","article_publisher":"https:\/\/www.facebook.com\/groups\/693945317450065","article_modified_time":"2026-04-24T13:00:04+00:00","og_image":[{"width":480,"height":306,"url":"https:\/\/i0.wp.com\/ceylou.com\/wordpress\/wp-content\/uploads\/2022\/11\/Stages-voile-Brigantine-SO349.png?fit=480%2C306&ssl=1","type":"image\/png"}],"twitter_card":"summary_large_image","twitter_misc":{"Dur\u00e9e de lecture estim\u00e9e":"1 minute"},"schema":{"@context":"https:\/\/schema.org","@graph":[{"@type":"WebPage","@id":"https:\/\/ceylou.com\/wordpress\/match-racing-news\/","url":"https:\/\/ceylou.com\/wordpress\/match-racing-news\/","name":"Match Racing news","isPartOf":{"@id":"https:\/\/ceylou.com\/wordpress\/#website"},"datePublished":"2026-01-31T01:12:24+00:00","dateModified":"2026-04-24T13:00:04+00:00","description":"Les \u00e9preuves de Match-racing avec Lyon match racing","breadcrumb":{"@id":"https:\/\/ceylou.com\/wordpress\/match-racing-news\/#breadcrumb"},"inLanguage":"fr-FR","potentialAction":[{"@type":"ReadAction","target":["https:\/\/ceylou.com\/wordpress\/match-racing-news\/"]}]},{"@type":"BreadcrumbList","@id":"https:\/\/ceylou.com\/wordpress\/match-racing-news\/#breadcrumb","itemListElement":[{"@type":"ListItem","position":1,"name":"Accueil","item":"https:\/\/ceylou.com\/wordpress\/"},{"@type":"ListItem","position":2,"name":"Match Racing news"}]},{"@type":"WebSite","@id":"https:\/\/ceylou.com\/wordpress\/#website","url":"https:\/\/ceylou.com\/wordpress\/","name":"BRIGANTINE","description":"premi\u00e8re \u00e9cole de voile diff\u00e9rente","publisher":{"@id":"https:\/\/ceylou.com\/wordpress\/#organization"},"alternateName":"BRIGANTINE ECOLE DE VOILE","potentialAction":[{"@type":"SearchAction","target":{"@type":"EntryPoint","urlTemplate":"https:\/\/ceylou.com\/wordpress\/?s={search_term_string}"},"query-input":{"@type":"PropertyValueSpecification","valueRequired":true,"valueName":"search_term_string"}}],"inLanguage":"fr-FR"},{"@type":"Organization","@id":"https:\/\/ceylou.com\/wordpress\/#organization","name":"ceylou.com Brigantine","url":"https:\/\/ceylou.com\/wordpress\/","logo":{"@type":"ImageObject","inLanguage":"fr-FR","@id":"https:\/\/ceylou.com\/wordpress\/#\/schema\/logo\/image\/","url":"https:\/\/ceylou.com\/wordpress\/wp-content\/uploads\/2019\/10\/cropped-Brig-Accueil-haut-3.png","contentUrl":"https:\/\/ceylou.com\/wordpress\/wp-content\/uploads\/2019\/10\/cropped-Brig-Accueil-haut-3.png","width":2030,"height":308,"caption":"ceylou.com Brigantine"},"image":{"@id":"https:\/\/ceylou.com\/wordpress\/#\/schema\/logo\/image\/"},"sameAs":["https:\/\/www.facebook.com\/groups\/693945317450065","https:\/\/www.youtube.com\/user\/ceylou1\/playlists?view_as=public"]}]}},"ticketed":false,"_links":{"self":[{"href":"https:\/\/ceylou.com\/wordpress\/wp-json\/wp\/v2\/pages\/4802","targetHints":{"allow":["GET"]}}],"collection":[{"href":"https:\/\/ceylou.com\/wordpress\/wp-json\/wp\/v2\/pages"}],"about":[{"href":"https:\/\/ceylou.com\/wordpress\/wp-json\/wp\/v2\/types\/page"}],"author":[{"embeddable":true,"href":"https:\/\/ceylou.com\/wordpress\/wp-json\/wp\/v2\/users\/1"}],"replies":[{"embeddable":true,"href":"https:\/\/ceylou.com\/wordpress\/wp-json\/wp\/v2\/comments?post=4802"}],"version-history":[{"count":3,"href":"https:\/\/ceylou.com\/wordpress\/wp-json\/wp\/v2\/pages\/4802\/revisions"}],"predecessor-version":[{"id":38502,"href":"https:\/\/ceylou.com\/wordpress\/wp-json\/wp\/v2\/pages\/4802\/revisions\/38502"}],"wp:attachment":[{"href":"https:\/\/ceylou.com\/wordpress\/wp-json\/wp\/v2\/media?parent=4802"}],"curies":[{"name":"wp","href":"https:\/\/api.w.org\/{rel}","templated":true}]}}