{"id":3599,"date":"2020-05-16T09:21:53","date_gmt":"2020-05-16T07:21:53","guid":{"rendered":"http:\/\/ceylou.com\/wordpress\/?page_id=3599"},"modified":"2023-04-03T02:55:22","modified_gmt":"2023-04-03T00:55:22","slug":"galeries","status":"publish","type":"page","link":"https:\/\/ceylou.com\/wordpress\/galeries\/","title":{"rendered":"Galeries Brigantine  sur you tube"},"content":{"rendered":"\n<h2 class=\"wp-block-heading\"><a href=\"https:\/\/www.youtube.com\/user\/ceylou1\/playlists?view_as=public\">Toutes les play list Brigantine sur Youtube<\/a><\/h2>\n\n\n\n<h2 class=\"wp-block-heading\">1-<mark style=\"background-color:rgba(0, 0, 0, 0);color:#075380\" class=\"has-inline-color\">Galerie Voile plaisance <\/mark>: <\/h2>\n\n\n\n<p class=\"wp-block-paragraph\"><a href=\"https:\/\/www.youtube.com\/playlist?list=PL-Z6mByv5WxveDPr01qt3q5Swc7h0klwh\">Les noeuds YouTube<\/a>:<\/p>\n\n\n\n<p class=\"wp-block-paragraph\"><a href=\"https:\/\/www.youtube.com\/playlist?list=PL-Z6mByv5WxtMAU9ELVnPLe0Bj05zgDqd\">Techniques plaisance YouTube<\/a><\/p>\n\n\n\n<h2 class=\"wp-block-heading\">2-<mark style=\"background-color:rgba(0, 0, 0, 0);color:#066094\" class=\"has-inline-color\">Galerie Training Brigantine YouTube<\/mark><\/h2>\n\n\n\n<p class=\"wp-block-paragraph\"><a href=\"https:\/\/www.youtube.com\/playlist?list=PL-Z6mByv5WxsVUggeOXMqgrwuOSF4GKey\">Formation r\u00e9gate:<\/a><\/p>\n\n\n\n<p class=\"wp-block-paragraph\"><a href=\"https:\/\/ceylou.com\/wordpress\/video-clarisse-cremer\/\">Clarisse Cremer humour training<\/a><\/p>\n\n\n\n<h2 class=\"wp-block-heading\">3-Galerie match racing sur YouTube<\/h2>\n\n\n\n<p class=\"wp-block-paragraph\"><a href=\"https:\/\/www.youtube.com\/playlist?list=PL5B00275CFEBA1260\">Match racing training<\/a><\/p>\n\n\n\n<p class=\"wp-block-paragraph\"><a href=\"https:\/\/www.youtube.com\/playlist?list=PL22490891D47AC97D\">Match racing man\u0153uvres<\/a><\/p>\n\n\n\n<p class=\"wp-block-paragraph\"><a href=\"https:\/\/www.youtube.com\/playlist?list=PL29678EA794BB60CC\">Match racing tactiques<\/a><\/p>\n\n\n\n<p class=\"wp-block-paragraph\"><a href=\"https:\/\/www.youtube.com\/playlist?list=PLC41327F784BB4166\">Galerie match racing f\u00e9minin<\/a><\/p>\n\n\n\n<p class=\"wp-block-paragraph\"><a href=\"https:\/\/www.youtube.com\/playlist?list=PL4CD1CEDA3DD20EDC\">Match racing \u00e0 Lyon, Ceylou&#8217;s cup<\/a><\/p>\n\n\n\n<p class=\"wp-block-paragraph\"><a href=\"https:\/\/www.youtube.com\/playlist?list=PL09FAE6DA04951EE1\">Match racing America&#8217;s Cup<\/a><\/p>\n\n\n\n<p class=\"wp-block-paragraph\"><a href=\"https:\/\/www.youtube.com\/playlist?list=PL66AE34C32070AB6F\">Match racing championnat du monde <\/a><\/p>\n\n\n\n<p class=\"wp-block-paragraph\"><a href=\"https:\/\/www.youtube.com\/playlist?list=PL-Z6mByv5WxuvypXXq3zAfS-WN99iW79_\">Match racing catamaran GC32<\/a><\/p>\n\n\n\n<p class=\"wp-block-paragraph\"><a href=\"https:\/\/www.youtube.com\/playlist?list=PL-Z6mByv5Wxv7dbAlNkdRvZx948nkTE2Z\">Match racing Extreme sailing s\u00e9ries<\/a><\/p>\n\n\n\n<p class=\"wp-block-paragraph\"><a href=\"https:\/\/www.youtube.com\/playlist?list=PL6F6A205EEF057ABB\">Match racing RC44<\/a><\/p>\n\n\n\n<p class=\"wp-block-paragraph\"><a href=\"https:\/\/www.youtube.com\/playlist?list=PL9693FA5745E6E640\">Match racing Bateaux<\/a><\/p>\n","protected":false},"excerpt":{"rendered":"<p>Toutes les play list Brigantine sur Youtube 1-Galerie Voile plaisance : Les noeuds YouTube: Techniques plaisance YouTube 2-Galerie Training Brigantine YouTube Formation r\u00e9gate: Clarisse Cremer humour training 3-Galerie match racing [&hellip;]<\/p>\n","protected":false},"author":1,"featured_media":0,"parent":0,"menu_order":0,"comment_status":"closed","ping_status":"closed","template":"","meta":{"_crdt_document":"","_uf_show_specific_survey":0,"_uf_disable_surveys":false,"site-sidebar-layout":"default","site-content-layout":"","ast-site-content-layout":"default","site-content-style":"default","site-sidebar-style":"default","ast-global-header-display":"","ast-banner-title-visibility":"","ast-main-header-display":"","ast-hfb-above-header-display":"","ast-hfb-below-header-display":"","ast-hfb-mobile-header-display":"","site-post-title":"","ast-breadcrumbs-content":"","ast-featured-img":"","footer-sml-layout":"","ast-disable-related-posts":"","theme-transparent-header-meta":"","adv-header-id-meta":"","stick-header-meta":"","header-above-stick-meta":"","header-main-stick-meta":"","header-below-stick-meta":"","astra-migrate-meta-layouts":"default","ast-page-background-enabled":"default","ast-page-background-meta":{"desktop":{"background-color":"var(--ast-global-color-4)","background-image":"","background-repeat":"repeat","background-position":"center center","background-size":"auto","background-attachment":"scroll","background-type":"","background-media":"","overlay-type":"","overlay-color":"","overlay-opacity":"","overlay-gradient":""},"tablet":{"background-color":"","background-image":"","background-repeat":"repeat","background-position":"center center","background-size":"auto","background-attachment":"scroll","background-type":"","background-media":"","overlay-type":"","overlay-color":"","overlay-opacity":"","overlay-gradient":""},"mobile":{"background-color":"","background-image":"","background-repeat":"repeat","background-position":"center center","background-size":"auto","background-attachment":"scroll","background-type":"","background-media":"","overlay-type":"","overlay-color":"","overlay-opacity":"","overlay-gradient":""}},"ast-content-background-meta":{"desktop":{"background-color":"var(--ast-global-color-5)","background-image":"","background-repeat":"repeat","background-position":"center center","background-size":"auto","background-attachment":"scroll","background-type":"","background-media":"","overlay-type":"","overlay-color":"","overlay-opacity":"","overlay-gradient":""},"tablet":{"background-color":"var(--ast-global-color-5)","background-image":"","background-repeat":"repeat","background-position":"center center","background-size":"auto","background-attachment":"scroll","background-type":"","background-media":"","overlay-type":"","overlay-color":"","overlay-opacity":"","overlay-gradient":""},"mobile":{"background-color":"var(--ast-global-color-5)","background-image":"","background-repeat":"repeat","background-position":"center center","background-size":"auto","background-attachment":"scroll","background-type":"","background-media":"","overlay-type":"","overlay-color":"","overlay-opacity":"","overlay-gradient":""}},"_price":"","_stock":"","_tribe_ticket_header":"","_tribe_default_ticket_provider":"","_tribe_ticket_capacity":"0","_ticket_start_date":"","_ticket_end_date":"","_tribe_ticket_show_description":"","_tribe_ticket_show_not_going":false,"_tribe_ticket_use_global_stock":"","_tribe_ticket_global_stock_level":"","_global_stock_mode":"","_global_stock_cap":"","_tribe_rsvp_for_event":"","_tribe_ticket_going_count":"","_tribe_ticket_not_going_count":"","_tribe_tickets_list":"[]","_tribe_ticket_has_attendee_info_fields":false,"_EventAllDay":false,"_EventTimezone":"","_EventStartDate":"","_EventEndDate":"","_EventStartDateUTC":"","_EventEndDateUTC":"","_EventShowMap":false,"_EventShowMapLink":false,"_EventURL":"","_EventCost":"","_EventCostDescription":"","_EventCurrencySymbol":"","_EventCurrencyCode":"","_EventCurrencyPosition":"","_EventDateTimeSeparator":"","_EventTimeRangeSeparator":"","_EventOrganizerID":[],"_EventVenueID":[],"_OrganizerEmail":"","_OrganizerPhone":"","_OrganizerWebsite":"","_VenueAddress":"","_VenueCity":"","_VenueCountry":"","_VenueProvince":"","_VenueState":"","_VenueZip":"","_VenuePhone":"","_VenueURL":"","_VenueStateProvince":"","_VenueLat":"","_VenueLng":"","_VenueShowMap":false,"_VenueShowMapLink":false,"jetpack_post_was_ever_published":false,"footnotes":"","_tec_slr_enabled":"","_tec_slr_layout":""},"class_list":["post-3599","page","type-page","status-publish","hentry"],"yoast_head":"<!-- This site is optimized with the Yoast SEO plugin v27.3 - https:\/\/yoast.com\/product\/yoast-seo-wordpress\/ -->\n<title>Galeries Brigantine sur you tube Titre du site Nom de page<\/title>\n<meta name=\"robots\" content=\"index, follow, max-snippet:-1, max-image-preview:large, max-video-preview:-1\" \/>\n<link rel=\"canonical\" href=\"https:\/\/ceylou.com\/wordpress\/galeries\/\" \/>\n<meta property=\"og:locale\" content=\"fr_FR\" \/>\n<meta property=\"og:type\" content=\"article\" \/>\n<meta property=\"og:title\" content=\"Galeries Brigantine sur you tube Titre du site Nom de page\" \/>\n<meta property=\"og:description\" content=\"Toutes les play list Brigantine sur Youtube 1-Galerie Voile plaisance : Les noeuds YouTube: Techniques plaisance YouTube 2-Galerie Training Brigantine YouTube Formation r\u00e9gate: Clarisse Cremer humour training 3-Galerie match racing [&hellip;]\" \/>\n<meta property=\"og:url\" content=\"https:\/\/ceylou.com\/wordpress\/galeries\/\" \/>\n<meta property=\"og:site_name\" content=\"BRIGANTINE\" \/>\n<meta property=\"article:publisher\" content=\"https:\/\/www.facebook.com\/groups\/693945317450065\" \/>\n<meta property=\"article:modified_time\" content=\"2023-04-03T00:55:22+00:00\" \/>\n<meta property=\"og:image\" content=\"https:\/\/i0.wp.com\/ceylou.com\/wordpress\/wp-content\/uploads\/2022\/11\/Stages-voile-Brigantine-SO349.png?fit=480%2C306&ssl=1\" \/>\n\t<meta property=\"og:image:width\" content=\"480\" \/>\n\t<meta property=\"og:image:height\" content=\"306\" \/>\n\t<meta property=\"og:image:type\" content=\"image\/png\" \/>\n<meta name=\"twitter:card\" content=\"summary_large_image\" \/>\n<script type=\"application\/ld+json\" class=\"yoast-schema-graph\">{\"@context\":\"https:\\\/\\\/schema.org\",\"@graph\":[{\"@type\":\"WebPage\",\"@id\":\"https:\\\/\\\/ceylou.com\\\/wordpress\\\/galeries\\\/\",\"url\":\"https:\\\/\\\/ceylou.com\\\/wordpress\\\/galeries\\\/\",\"name\":\"Galeries Brigantine sur you tube Titre du site Nom de page\",\"isPartOf\":{\"@id\":\"https:\\\/\\\/ceylou.com\\\/wordpress\\\/#website\"},\"datePublished\":\"2020-05-16T07:21:53+00:00\",\"dateModified\":\"2023-04-03T00:55:22+00:00\",\"breadcrumb\":{\"@id\":\"https:\\\/\\\/ceylou.com\\\/wordpress\\\/galeries\\\/#breadcrumb\"},\"inLanguage\":\"fr-FR\",\"potentialAction\":[{\"@type\":\"ReadAction\",\"target\":[\"https:\\\/\\\/ceylou.com\\\/wordpress\\\/galeries\\\/\"]}]},{\"@type\":\"BreadcrumbList\",\"@id\":\"https:\\\/\\\/ceylou.com\\\/wordpress\\\/galeries\\\/#breadcrumb\",\"itemListElement\":[{\"@type\":\"ListItem\",\"position\":1,\"name\":\"Accueil\",\"item\":\"https:\\\/\\\/ceylou.com\\\/wordpress\\\/\"},{\"@type\":\"ListItem\",\"position\":2,\"name\":\"Galeries Brigantine sur you tube\"}]},{\"@type\":\"WebSite\",\"@id\":\"https:\\\/\\\/ceylou.com\\\/wordpress\\\/#website\",\"url\":\"https:\\\/\\\/ceylou.com\\\/wordpress\\\/\",\"name\":\"BRIGANTINE\",\"description\":\"premi\u00e8re \u00e9cole de voile diff\u00e9rente\",\"publisher\":{\"@id\":\"https:\\\/\\\/ceylou.com\\\/wordpress\\\/#organization\"},\"alternateName\":\"BRIGANTINE ECOLE DE VOILE\",\"potentialAction\":[{\"@type\":\"SearchAction\",\"target\":{\"@type\":\"EntryPoint\",\"urlTemplate\":\"https:\\\/\\\/ceylou.com\\\/wordpress\\\/?s={search_term_string}\"},\"query-input\":{\"@type\":\"PropertyValueSpecification\",\"valueRequired\":true,\"valueName\":\"search_term_string\"}}],\"inLanguage\":\"fr-FR\"},{\"@type\":\"Organization\",\"@id\":\"https:\\\/\\\/ceylou.com\\\/wordpress\\\/#organization\",\"name\":\"ceylou.com Brigantine\",\"url\":\"https:\\\/\\\/ceylou.com\\\/wordpress\\\/\",\"logo\":{\"@type\":\"ImageObject\",\"inLanguage\":\"fr-FR\",\"@id\":\"https:\\\/\\\/ceylou.com\\\/wordpress\\\/#\\\/schema\\\/logo\\\/image\\\/\",\"url\":\"https:\\\/\\\/ceylou.com\\\/wordpress\\\/wp-content\\\/uploads\\\/2019\\\/10\\\/cropped-Brig-Accueil-haut-3.png\",\"contentUrl\":\"https:\\\/\\\/ceylou.com\\\/wordpress\\\/wp-content\\\/uploads\\\/2019\\\/10\\\/cropped-Brig-Accueil-haut-3.png\",\"width\":2030,\"height\":308,\"caption\":\"ceylou.com Brigantine\"},\"image\":{\"@id\":\"https:\\\/\\\/ceylou.com\\\/wordpress\\\/#\\\/schema\\\/logo\\\/image\\\/\"},\"sameAs\":[\"https:\\\/\\\/www.facebook.com\\\/groups\\\/693945317450065\",\"https:\\\/\\\/www.youtube.com\\\/user\\\/ceylou1\\\/playlists?view_as=public\"]}]}<\/script>\n<!-- \/ Yoast SEO plugin. -->","yoast_head_json":{"title":"Galeries Brigantine sur you tube Titre du site Nom de page","robots":{"index":"index","follow":"follow","max-snippet":"max-snippet:-1","max-image-preview":"max-image-preview:large","max-video-preview":"max-video-preview:-1"},"canonical":"https:\/\/ceylou.com\/wordpress\/galeries\/","og_locale":"fr_FR","og_type":"article","og_title":"Galeries Brigantine sur you tube Titre du site Nom de page","og_description":"Toutes les play list Brigantine sur Youtube 1-Galerie Voile plaisance : Les noeuds YouTube: Techniques plaisance YouTube 2-Galerie Training Brigantine YouTube Formation r\u00e9gate: Clarisse Cremer humour training 3-Galerie match racing [&hellip;]","og_url":"https:\/\/ceylou.com\/wordpress\/galeries\/","og_site_name":"BRIGANTINE","article_publisher":"https:\/\/www.facebook.com\/groups\/693945317450065","article_modified_time":"2023-04-03T00:55:22+00:00","og_image":[{"width":480,"height":306,"url":"https:\/\/i0.wp.com\/ceylou.com\/wordpress\/wp-content\/uploads\/2022\/11\/Stages-voile-Brigantine-SO349.png?fit=480%2C306&ssl=1","type":"image\/png"}],"twitter_card":"summary_large_image","schema":{"@context":"https:\/\/schema.org","@graph":[{"@type":"WebPage","@id":"https:\/\/ceylou.com\/wordpress\/galeries\/","url":"https:\/\/ceylou.com\/wordpress\/galeries\/","name":"Galeries Brigantine sur you tube Titre du site Nom de page","isPartOf":{"@id":"https:\/\/ceylou.com\/wordpress\/#website"},"datePublished":"2020-05-16T07:21:53+00:00","dateModified":"2023-04-03T00:55:22+00:00","breadcrumb":{"@id":"https:\/\/ceylou.com\/wordpress\/galeries\/#breadcrumb"},"inLanguage":"fr-FR","potentialAction":[{"@type":"ReadAction","target":["https:\/\/ceylou.com\/wordpress\/galeries\/"]}]},{"@type":"BreadcrumbList","@id":"https:\/\/ceylou.com\/wordpress\/galeries\/#breadcrumb","itemListElement":[{"@type":"ListItem","position":1,"name":"Accueil","item":"https:\/\/ceylou.com\/wordpress\/"},{"@type":"ListItem","position":2,"name":"Galeries Brigantine sur you tube"}]},{"@type":"WebSite","@id":"https:\/\/ceylou.com\/wordpress\/#website","url":"https:\/\/ceylou.com\/wordpress\/","name":"BRIGANTINE","description":"premi\u00e8re \u00e9cole de voile diff\u00e9rente","publisher":{"@id":"https:\/\/ceylou.com\/wordpress\/#organization"},"alternateName":"BRIGANTINE ECOLE DE VOILE","potentialAction":[{"@type":"SearchAction","target":{"@type":"EntryPoint","urlTemplate":"https:\/\/ceylou.com\/wordpress\/?s={search_term_string}"},"query-input":{"@type":"PropertyValueSpecification","valueRequired":true,"valueName":"search_term_string"}}],"inLanguage":"fr-FR"},{"@type":"Organization","@id":"https:\/\/ceylou.com\/wordpress\/#organization","name":"ceylou.com Brigantine","url":"https:\/\/ceylou.com\/wordpress\/","logo":{"@type":"ImageObject","inLanguage":"fr-FR","@id":"https:\/\/ceylou.com\/wordpress\/#\/schema\/logo\/image\/","url":"https:\/\/ceylou.com\/wordpress\/wp-content\/uploads\/2019\/10\/cropped-Brig-Accueil-haut-3.png","contentUrl":"https:\/\/ceylou.com\/wordpress\/wp-content\/uploads\/2019\/10\/cropped-Brig-Accueil-haut-3.png","width":2030,"height":308,"caption":"ceylou.com Brigantine"},"image":{"@id":"https:\/\/ceylou.com\/wordpress\/#\/schema\/logo\/image\/"},"sameAs":["https:\/\/www.facebook.com\/groups\/693945317450065","https:\/\/www.youtube.com\/user\/ceylou1\/playlists?view_as=public"]}]}},"ticketed":false,"_links":{"self":[{"href":"https:\/\/ceylou.com\/wordpress\/wp-json\/wp\/v2\/pages\/3599","targetHints":{"allow":["GET"]}}],"collection":[{"href":"https:\/\/ceylou.com\/wordpress\/wp-json\/wp\/v2\/pages"}],"about":[{"href":"https:\/\/ceylou.com\/wordpress\/wp-json\/wp\/v2\/types\/page"}],"author":[{"embeddable":true,"href":"https:\/\/ceylou.com\/wordpress\/wp-json\/wp\/v2\/users\/1"}],"replies":[{"embeddable":true,"href":"https:\/\/ceylou.com\/wordpress\/wp-json\/wp\/v2\/comments?post=3599"}],"version-history":[{"count":0,"href":"https:\/\/ceylou.com\/wordpress\/wp-json\/wp\/v2\/pages\/3599\/revisions"}],"wp:attachment":[{"href":"https:\/\/ceylou.com\/wordpress\/wp-json\/wp\/v2\/media?parent=3599"}],"curies":[{"name":"wp","href":"https:\/\/api.w.org\/{rel}","templated":true}]}}