{"id":26580,"date":"2024-01-10T21:46:35","date_gmt":"2024-01-10T20:46:35","guid":{"rendered":"https:\/\/ceylou.com\/wordpress\/?page_id=26580"},"modified":"2026-03-08T06:13:39","modified_gmt":"2026-03-08T05:13:39","slug":"aqualimba-evenements-loisirs-nautiques-activites","status":"publish","type":"page","link":"https:\/\/ceylou.com\/wordpress\/boutique\/aqualimba-evenements-loisirs-nautiques-activites\/","title":{"rendered":"Aqualimba Loisirs"},"content":{"rendered":"\n<h2 class=\"wp-block-heading has-text-align-center\" style=\"font-style:normal;font-weight:400;text-transform:capitalize\">AQUALIMBA \u00e9VENEMENTS LOISIRS NAUTIQUES<\/h2>\n\n\n\n<p class=\"has-text-align-center wp-block-paragraph\"><br><\/p>\n\n\n\n<p class=\"has-text-align-center wp-block-paragraph\"><br>(H\u00e9berg\u00e9 par Brigantine)<\/p>\n\n\n\n<figure class=\"wp-block-image aligncenter size-full is-resized\"><img data-recalc-dims=\"1\" loading=\"lazy\" decoding=\"async\" width=\"632\" height=\"630\" src=\"https:\/\/i0.wp.com\/ceylou.com\/wordpress\/wp-content\/uploads\/2024\/01\/AQUALIMBA-LOGO.png?resize=632%2C630&#038;ssl=1\" alt=\"\" class=\"wp-image-26581\" style=\"width:259px;height:auto\" srcset=\"https:\/\/i0.wp.com\/ceylou.com\/wordpress\/wp-content\/uploads\/2024\/01\/AQUALIMBA-LOGO.png?w=632&amp;ssl=1 632w, https:\/\/i0.wp.com\/ceylou.com\/wordpress\/wp-content\/uploads\/2024\/01\/AQUALIMBA-LOGO.png?resize=150%2C150&amp;ssl=1 150w, https:\/\/i0.wp.com\/ceylou.com\/wordpress\/wp-content\/uploads\/2024\/01\/AQUALIMBA-LOGO.png?resize=380%2C380&amp;ssl=1 380w\" sizes=\"auto, (max-width: 632px) 100vw, 632px\" \/><\/figure>\n\n\n\n<hr class=\"wp-block-separator has-alpha-channel-opacity\"\/>\n\n\n\n<hr class=\"wp-block-separator has-alpha-channel-opacity\"\/>\n\n\n\n<h2 class=\"wp-block-heading has-text-align-center\">Loisirs nautiques destinations s\u00e9jours<br> activit\u00e9s sportives dans le monde.<\/h2>\n\n\n\n<p class=\"wp-block-paragraph\"><strong>Loisirs nautiques<\/strong> liste s\u00e9lections&nbsp;<strong>mondiale<\/strong>s&nbsp;des meilleures destinations s\u00e9jours de voyages et d<strong>&#8216;activit\u00e9s&nbsp;nautiques sportives <\/strong>dans le monde, \u00e0 l&#8217;\u00e9tranger, c&#8217;est aussi des voyages exotiques sportifs avec h\u00e9bergements inclus,<\/p>\n\n\n\n<p class=\"wp-block-paragraph\"><br>Ce qu&#8217;il faut savoir pour trouver <strong>des voyages de nautismes internationale dans le monde<\/strong>, trouver les spots de sports, voile de croisi\u00e8re, les voyages avec guide p\u00eache, spots de plong\u00e9e, surf, scooter des mers, ski-nautique, motonautisme\u2026..<\/p>\n\n\n\n<p class=\"wp-block-paragraph\"><br>Consultez les meilleurs choix s\u00e9lectionn\u00e9s, tarifs qualit\u00e9\/prix en France et autres pays.<br><strong>Aqualimba<\/strong>&nbsp;le guide des loisirs sports et tourisme \u00e0 l&#8217;international.<\/p>\n\n\n\n<h3 class=\"wp-block-heading has-text-align-center\">Les meilleurs activit\u00e9s de loisirs nautiques dans le monde.<\/h3>\n\n\n\n<ul class=\"wp-block-list\">\n<li><strong>VOILE<\/strong>\n<ul class=\"wp-block-list\">\n<li><a href=\"https:\/\/aqualimba.com\/stage-voile-mediterranee\/\">Voile croisiere. ><\/a><\/li>\n\n\n\n<li>Plaisance voile<\/li>\n\n\n\n<li>Stages voiles en mer<\/li>\n\n\n\n<li>Catamaran de croisiere<\/li>\n\n\n\n<li>monocoques de croisiere<\/li>\n\n\n\n<li>Regates<\/li>\n<\/ul>\n<\/li>\n\n\n\n<li><strong>PECHE DANS LE MONDE<\/strong>\n<ul class=\"wp-block-list\">\n<li>P\u00eache au gros<\/li>\n\n\n\n<li>P\u00eache exotique<\/li>\n\n\n\n<li>P\u00eache sportiv<\/li>\n<\/ul>\n<\/li>\n\n\n\n<li><strong>PLANCHE BOARD GLISSE<\/strong>\n<ul class=\"wp-block-list\">\n<li><a href=\"https:\/\/aqualimba.com\/international-spots-surf-loisirs-nautiques-international-monde\/\">Surf: voyages destinations s\u00e9jours &gt;<\/a><\/li>\n\n\n\n<li>Bodyboard<\/li>\n\n\n\n<li>Flyboard<\/li>\n\n\n\n<li>windsurf<\/li>\n\n\n\n<li>kitesurf<\/li>\n\n\n\n<li>Ski nautique<\/li>\n\n\n\n<li>flyboard<\/li>\n<\/ul>\n<\/li>\n\n\n\n<li><strong>PLONGEE<\/strong>\n<ul class=\"wp-block-list\">\n<li><a href=\"https:\/\/aqualimba.com\/plongee-sous-marine-ds-monde-meilleurs-pays-endroits-monde-faire\/\">Plong\u00e9e sous-marine: Voyages destinations s\u00e9jours<mark style=\"background-color:rgba(0, 0, 0, 0);color:#b51c1c\" class=\"has-inline-color\"> &gt;<\/mark><\/a><\/li>\n\n\n\n<li>Snorkeling<\/li>\n\n\n\n<li>Snuba<\/li>\n<\/ul>\n<\/li>\n\n\n\n<li><a href=\"https:\/\/aqualimba.com\/meilleurs-destinations-liste-international-guide-spots-peche\/\"><strong>PECHE <\/strong><\/a>\n<ul class=\"wp-block-list\">\n<li>P\u00eache au gros<\/li>\n\n\n\n<li>P\u00eache sportive<\/li>\n\n\n\n<li><a href=\"https:\/\/aqualimba.com\/meilleurs-destinations-liste-international-guide-spots-peche\/\">P\u00eache exotique <\/a><\/li>\n<\/ul>\n<\/li>\n\n\n\n<li><strong>BATEAUX MOTEURS MECANIQUES<\/strong>\n<ul class=\"wp-block-list\">\n<li>Motonautisme<\/li>\n\n\n\n<li>jet-ski<\/li>\n\n\n\n<li>Hors bord<\/li>\n\n\n\n<li>Vedette<\/li>\n\n\n\n<li>Yacht<\/li>\n\n\n\n<li>Kartings des mers KART JET<\/li>\n<\/ul>\n<\/li>\n\n\n\n<li><strong>AVENTURE , JEUX, DECOUVERTES<\/strong>\n<ul class=\"wp-block-list\">\n<li>Aqua basket<\/li>\n\n\n\n<li>Hydrocycling<\/li>\n\n\n\n<li>Skimboard<\/li>\n\n\n\n<li>Swim run<\/li>\n\n\n\n<li>dock rafting<\/li>\n\n\n\n<li>Coastering<\/li>\n\n\n\n<li>V\u00e9lo marine <\/li>\n\n\n\n<li>Randonn\u00e9e aquatiques<\/li>\n\n\n\n<li>Camping bord de mer, de l&#8217;eau<\/li>\n<\/ul>\n<\/li>\n<\/ul>\n\n\n\n<hr class=\"wp-block-separator has-alpha-channel-opacity\"\/>\n\n\n\n<div class=\"wp-block-buttons is-content-justification-center is-layout-flex wp-container-core-buttons-is-layout-3e41869c wp-block-buttons-is-layout-flex\">\n<div class=\"wp-block-button is-style-outline is-style-outline--1\"><a class=\"wp-block-button__link has-ast-global-color-1-background-color has-text-color has-background has-link-color has-border-color wp-element-button\" href=\"https:\/\/aqualimba.com\/aqualimba-evenements-loisirs-nautiques-activites\/\" style=\"border-color:#ff6900;border-radius:30px;color:#e9a575\">RETOUR ACCUEIL CHOIX&gt;Clic<\/a><\/div>\n<\/div>\n\n\n\n<p class=\"wp-block-paragraph\"><\/p>\n\n\n\n<hr class=\"wp-block-separator has-alpha-channel-opacity\"\/>\n\n\n\n<div class=\"wp-block-buttons is-content-justification-center is-layout-flex wp-container-core-buttons-is-layout-3e41869c wp-block-buttons-is-layout-flex\">\n<div class=\"wp-block-button is-style-outline is-style-outline--2\"><a class=\"wp-block-button__link has-ast-global-color-1-background-color has-text-color has-background has-link-color has-border-color wp-element-button\" href=\"https:\/\/aqualimba.com\/voyages-sejours-nautisme-loisirs\/\" style=\"border-color:#ff6900;border-radius:30px;color:#d5c3b9\">Paiement- Resa- Loisirs nautiques&gt;clic<\/a><\/div>\n<\/div>\n\n\n\n<ul class=\"wp-block-list\">\n<li class=\"has-medium-font-size\" style=\"font-style:normal;font-weight:700\"><a href=\"https:\/\/ceylou.com\/wordpress\/aqualimba-reservation\/\">AQUALIMBA PAIEMENT Loisirs nautiques<\/a><\/li>\n<\/ul>\n\n\n\n<p class=\"wp-block-paragraph\"><a href=\"https:\/\/ceylou.com\/wordpress\/aqualimba-reservation\/\">AQUALIMBA PAIEMENT<\/a><\/p>\n","protected":false},"excerpt":{"rendered":"<p>AQUALIMBA \u00e9VENEMENTS LOISIRS NAUTIQUES (H\u00e9berg\u00e9 par Brigantine) Loisirs nautiques destinations s\u00e9jours activit\u00e9s sportives dans le monde. Loisirs nautiques liste s\u00e9lections&nbsp;mondiales&nbsp;des meilleures destinations s\u00e9jours de voyages et d&#8216;activit\u00e9s&nbsp;nautiques sportives dans le [&hellip;]<\/p>\n","protected":false},"author":1,"featured_media":26581,"parent":17186,"menu_order":1,"comment_status":"closed","ping_status":"closed","template":"","meta":{"_crdt_document":"","_uf_show_specific_survey":0,"_uf_disable_surveys":false,"site-sidebar-layout":"default","site-content-layout":"","ast-site-content-layout":"default","site-content-style":"default","site-sidebar-style":"default","ast-global-header-display":"","ast-banner-title-visibility":"","ast-main-header-display":"","ast-hfb-above-header-display":"","ast-hfb-below-header-display":"","ast-hfb-mobile-header-display":"","site-post-title":"","ast-breadcrumbs-content":"","ast-featured-img":"disabled","footer-sml-layout":"","ast-disable-related-posts":"","theme-transparent-header-meta":"","adv-header-id-meta":"","stick-header-meta":"","header-above-stick-meta":"","header-main-stick-meta":"","header-below-stick-meta":"","astra-migrate-meta-layouts":"set","ast-page-background-enabled":"default","ast-page-background-meta":{"desktop":{"background-color":"var(--ast-global-color-4)","background-image":"","background-repeat":"repeat","background-position":"center center","background-size":"auto","background-attachment":"scroll","background-type":"","background-media":"","overlay-type":"","overlay-color":"","overlay-opacity":"","overlay-gradient":""},"tablet":{"background-color":"","background-image":"","background-repeat":"repeat","background-position":"center center","background-size":"auto","background-attachment":"scroll","background-type":"","background-media":"","overlay-type":"","overlay-color":"","overlay-opacity":"","overlay-gradient":""},"mobile":{"background-color":"","background-image":"","background-repeat":"repeat","background-position":"center center","background-size":"auto","background-attachment":"scroll","background-type":"","background-media":"","overlay-type":"","overlay-color":"","overlay-opacity":"","overlay-gradient":""}},"ast-content-background-meta":{"desktop":{"background-color":"var(--ast-global-color-5)","background-image":"","background-repeat":"repeat","background-position":"center center","background-size":"auto","background-attachment":"scroll","background-type":"","background-media":"","overlay-type":"","overlay-color":"","overlay-opacity":"","overlay-gradient":""},"tablet":{"background-color":"var(--ast-global-color-5)","background-image":"","background-repeat":"repeat","background-position":"center center","background-size":"auto","background-attachment":"scroll","background-type":"","background-media":"","overlay-type":"","overlay-color":"","overlay-opacity":"","overlay-gradient":""},"mobile":{"background-color":"var(--ast-global-color-5)","background-image":"","background-repeat":"repeat","background-position":"center center","background-size":"auto","background-attachment":"scroll","background-type":"","background-media":"","overlay-type":"","overlay-color":"","overlay-opacity":"","overlay-gradient":""}},"_price":"","_stock":"","_tribe_ticket_header":"","_tribe_default_ticket_provider":"","_tribe_ticket_capacity":"0","_ticket_start_date":"","_ticket_end_date":"","_tribe_ticket_show_description":"","_tribe_ticket_show_not_going":false,"_tribe_ticket_use_global_stock":"","_tribe_ticket_global_stock_level":"","_global_stock_mode":"","_global_stock_cap":"","_tribe_rsvp_for_event":"","_tribe_ticket_going_count":"","_tribe_ticket_not_going_count":"","_tribe_tickets_list":"[]","_tribe_ticket_has_attendee_info_fields":false,"_EventAllDay":false,"_EventTimezone":"","_EventStartDate":"","_EventEndDate":"","_EventStartDateUTC":"","_EventEndDateUTC":"","_EventShowMap":false,"_EventShowMapLink":false,"_EventURL":"","_EventCost":"","_EventCostDescription":"","_EventCurrencySymbol":"","_EventCurrencyCode":"","_EventCurrencyPosition":"","_EventDateTimeSeparator":"","_EventTimeRangeSeparator":"","_EventOrganizerID":[],"_EventVenueID":[],"_OrganizerEmail":"","_OrganizerPhone":"","_OrganizerWebsite":"","_VenueAddress":"","_VenueCity":"","_VenueCountry":"","_VenueProvince":"","_VenueState":"","_VenueZip":"","_VenuePhone":"","_VenueURL":"","_VenueStateProvince":"","_VenueLat":"","_VenueLng":"","_VenueShowMap":false,"_VenueShowMapLink":false,"jetpack_post_was_ever_published":false,"footnotes":"","_tec_slr_enabled":"","_tec_slr_layout":""},"class_list":["post-26580","page","type-page","status-publish","has-post-thumbnail","hentry"],"yoast_head":"<!-- This site is optimized with the Yoast SEO plugin v27.3 - https:\/\/yoast.com\/product\/yoast-seo-wordpress\/ -->\n<title>AQUALIMBA LOISIRS<\/title>\n<meta name=\"description\" content=\"Loisirs nautiques liste s\u00e9lections\u00a0mondiales,\u00a020 meilleures destinations de voyages d&#039;activit\u00e9s\u00a0nautiques dans le monde, \u00e0 l&#039;\u00e9tranger, voyages exotiques sportifs avec h\u00e9bergements inclus,le\u00a0nautisme voyages internationale dans le monde, trouver les voyages les spots de sports, voile de croisi\u00e8re, les voyages avec guide p\u00eache, spots de plong\u00e9e, surf, scooter des mers, ski-nautique, motonautisme\u2026..les meilleurs choix s\u00e9lectionn\u00e9s, tarifs qualit\u00e9\/prix en France et autres pays.Aqualimba\u00a0le guide des loisirs sports et tourisme \u00e0 l&#039;international.\" \/>\n<meta name=\"robots\" content=\"index, follow, max-snippet:-1, max-image-preview:large, max-video-preview:-1\" \/>\n<link rel=\"canonical\" href=\"https:\/\/ceylou.com\/wordpress\/boutique\/aqualimba-evenements-loisirs-nautiques-activites\/\" \/>\n<meta property=\"og:locale\" content=\"fr_FR\" \/>\n<meta property=\"og:type\" content=\"article\" \/>\n<meta property=\"og:title\" content=\"AQUALIMBA LOISIRS\" \/>\n<meta property=\"og:description\" content=\"Loisirs nautiques liste s\u00e9lections\u00a0mondiales,\u00a020 meilleures destinations de voyages d&#039;activit\u00e9s\u00a0nautiques dans le monde, \u00e0 l&#039;\u00e9tranger, voyages exotiques sportifs avec h\u00e9bergements inclus,le\u00a0nautisme voyages internationale dans le monde, trouver les voyages les spots de sports, voile de croisi\u00e8re, les voyages avec guide p\u00eache, spots de plong\u00e9e, surf, scooter des mers, ski-nautique, motonautisme\u2026..les meilleurs choix s\u00e9lectionn\u00e9s, tarifs qualit\u00e9\/prix en France et autres pays.Aqualimba\u00a0le guide des loisirs sports et tourisme \u00e0 l&#039;international.\" \/>\n<meta property=\"og:url\" content=\"https:\/\/ceylou.com\/wordpress\/boutique\/aqualimba-evenements-loisirs-nautiques-activites\/\" \/>\n<meta property=\"og:site_name\" content=\"BRIGANTINE\" \/>\n<meta property=\"article:publisher\" content=\"https:\/\/www.facebook.com\/groups\/693945317450065\" \/>\n<meta property=\"article:modified_time\" content=\"2026-03-08T05:13:39+00:00\" \/>\n<meta property=\"og:image\" content=\"https:\/\/ceylou.com\/wordpress\/wp-content\/uploads\/2024\/01\/AQUALIMBA-LOGO.png\" \/>\n\t<meta property=\"og:image:width\" content=\"632\" \/>\n\t<meta property=\"og:image:height\" content=\"630\" \/>\n\t<meta property=\"og:image:type\" content=\"image\/png\" \/>\n<meta name=\"twitter:card\" content=\"summary_large_image\" \/>\n<meta name=\"twitter:label1\" content=\"Dur\u00e9e de lecture estim\u00e9e\" \/>\n\t<meta name=\"twitter:data1\" content=\"2 minutes\" \/>\n<script type=\"application\/ld+json\" class=\"yoast-schema-graph\">{\"@context\":\"https:\\\/\\\/schema.org\",\"@graph\":[{\"@type\":\"WebPage\",\"@id\":\"https:\\\/\\\/ceylou.com\\\/wordpress\\\/boutique\\\/aqualimba-evenements-loisirs-nautiques-activites\\\/\",\"url\":\"https:\\\/\\\/ceylou.com\\\/wordpress\\\/boutique\\\/aqualimba-evenements-loisirs-nautiques-activites\\\/\",\"name\":\"AQUALIMBA LOISIRS\",\"isPartOf\":{\"@id\":\"https:\\\/\\\/ceylou.com\\\/wordpress\\\/#website\"},\"primaryImageOfPage\":{\"@id\":\"https:\\\/\\\/ceylou.com\\\/wordpress\\\/boutique\\\/aqualimba-evenements-loisirs-nautiques-activites\\\/#primaryimage\"},\"image\":{\"@id\":\"https:\\\/\\\/ceylou.com\\\/wordpress\\\/boutique\\\/aqualimba-evenements-loisirs-nautiques-activites\\\/#primaryimage\"},\"thumbnailUrl\":\"https:\\\/\\\/i0.wp.com\\\/ceylou.com\\\/wordpress\\\/wp-content\\\/uploads\\\/2024\\\/01\\\/AQUALIMBA-LOGO.png?fit=632%2C630&ssl=1\",\"datePublished\":\"2024-01-10T20:46:35+00:00\",\"dateModified\":\"2026-03-08T05:13:39+00:00\",\"description\":\"Loisirs nautiques liste s\u00e9lections\u00a0mondiales,\u00a020 meilleures destinations de voyages d'activit\u00e9s\u00a0nautiques dans le monde, \u00e0 l'\u00e9tranger, voyages exotiques sportifs avec h\u00e9bergements inclus,le\u00a0nautisme voyages internationale dans le monde, trouver les voyages les spots de sports, voile de croisi\u00e8re, les voyages avec guide p\u00eache, spots de plong\u00e9e, surf, scooter des mers, ski-nautique, motonautisme\u2026..les meilleurs choix s\u00e9lectionn\u00e9s, tarifs qualit\u00e9\\\/prix en France et autres pays.Aqualimba\u00a0le guide des loisirs sports et tourisme \u00e0 l'international.\",\"breadcrumb\":{\"@id\":\"https:\\\/\\\/ceylou.com\\\/wordpress\\\/boutique\\\/aqualimba-evenements-loisirs-nautiques-activites\\\/#breadcrumb\"},\"inLanguage\":\"fr-FR\",\"potentialAction\":[{\"@type\":\"ReadAction\",\"target\":[\"https:\\\/\\\/ceylou.com\\\/wordpress\\\/boutique\\\/aqualimba-evenements-loisirs-nautiques-activites\\\/\"]}]},{\"@type\":\"ImageObject\",\"inLanguage\":\"fr-FR\",\"@id\":\"https:\\\/\\\/ceylou.com\\\/wordpress\\\/boutique\\\/aqualimba-evenements-loisirs-nautiques-activites\\\/#primaryimage\",\"url\":\"https:\\\/\\\/i0.wp.com\\\/ceylou.com\\\/wordpress\\\/wp-content\\\/uploads\\\/2024\\\/01\\\/AQUALIMBA-LOGO.png?fit=632%2C630&ssl=1\",\"contentUrl\":\"https:\\\/\\\/i0.wp.com\\\/ceylou.com\\\/wordpress\\\/wp-content\\\/uploads\\\/2024\\\/01\\\/AQUALIMBA-LOGO.png?fit=632%2C630&ssl=1\",\"width\":632,\"height\":630,\"caption\":\"AQUALIMBA LOISIRS DE MER\"},{\"@type\":\"BreadcrumbList\",\"@id\":\"https:\\\/\\\/ceylou.com\\\/wordpress\\\/boutique\\\/aqualimba-evenements-loisirs-nautiques-activites\\\/#breadcrumb\",\"itemListElement\":[{\"@type\":\"ListItem\",\"position\":1,\"name\":\"Accueil\",\"item\":\"https:\\\/\\\/ceylou.com\\\/wordpress\\\/\"},{\"@type\":\"ListItem\",\"position\":2,\"name\":\"BOUTIQUE\",\"item\":\"https:\\\/\\\/ceylou.com\\\/wordpress\\\/boutique\\\/\"},{\"@type\":\"ListItem\",\"position\":3,\"name\":\"loisirs nautiques activit\u00e9s\"}]},{\"@type\":\"WebSite\",\"@id\":\"https:\\\/\\\/ceylou.com\\\/wordpress\\\/#website\",\"url\":\"https:\\\/\\\/ceylou.com\\\/wordpress\\\/\",\"name\":\"BRIGANTINE\",\"description\":\"premi\u00e8re \u00e9cole de voile diff\u00e9rente\",\"publisher\":{\"@id\":\"https:\\\/\\\/ceylou.com\\\/wordpress\\\/#organization\"},\"alternateName\":\"BRIGANTINE ECOLE DE VOILE\",\"potentialAction\":[{\"@type\":\"SearchAction\",\"target\":{\"@type\":\"EntryPoint\",\"urlTemplate\":\"https:\\\/\\\/ceylou.com\\\/wordpress\\\/?s={search_term_string}\"},\"query-input\":{\"@type\":\"PropertyValueSpecification\",\"valueRequired\":true,\"valueName\":\"search_term_string\"}}],\"inLanguage\":\"fr-FR\"},{\"@type\":\"Organization\",\"@id\":\"https:\\\/\\\/ceylou.com\\\/wordpress\\\/#organization\",\"name\":\"ceylou.com Brigantine\",\"url\":\"https:\\\/\\\/ceylou.com\\\/wordpress\\\/\",\"logo\":{\"@type\":\"ImageObject\",\"inLanguage\":\"fr-FR\",\"@id\":\"https:\\\/\\\/ceylou.com\\\/wordpress\\\/#\\\/schema\\\/logo\\\/image\\\/\",\"url\":\"https:\\\/\\\/ceylou.com\\\/wordpress\\\/wp-content\\\/uploads\\\/2019\\\/10\\\/cropped-Brig-Accueil-haut-3.png\",\"contentUrl\":\"https:\\\/\\\/ceylou.com\\\/wordpress\\\/wp-content\\\/uploads\\\/2019\\\/10\\\/cropped-Brig-Accueil-haut-3.png\",\"width\":2030,\"height\":308,\"caption\":\"ceylou.com Brigantine\"},\"image\":{\"@id\":\"https:\\\/\\\/ceylou.com\\\/wordpress\\\/#\\\/schema\\\/logo\\\/image\\\/\"},\"sameAs\":[\"https:\\\/\\\/www.facebook.com\\\/groups\\\/693945317450065\",\"https:\\\/\\\/www.youtube.com\\\/user\\\/ceylou1\\\/playlists?view_as=public\"]}]}<\/script>\n<!-- \/ Yoast SEO plugin. -->","yoast_head_json":{"title":"AQUALIMBA LOISIRS","description":"Loisirs nautiques liste s\u00e9lections\u00a0mondiales,\u00a020 meilleures destinations de voyages d'activit\u00e9s\u00a0nautiques dans le monde, \u00e0 l'\u00e9tranger, voyages exotiques sportifs avec h\u00e9bergements inclus,le\u00a0nautisme voyages internationale dans le monde, trouver les voyages les spots de sports, voile de croisi\u00e8re, les voyages avec guide p\u00eache, spots de plong\u00e9e, surf, scooter des mers, ski-nautique, motonautisme\u2026..les meilleurs choix s\u00e9lectionn\u00e9s, tarifs qualit\u00e9\/prix en France et autres pays.Aqualimba\u00a0le guide des loisirs sports et tourisme \u00e0 l'international.","robots":{"index":"index","follow":"follow","max-snippet":"max-snippet:-1","max-image-preview":"max-image-preview:large","max-video-preview":"max-video-preview:-1"},"canonical":"https:\/\/ceylou.com\/wordpress\/boutique\/aqualimba-evenements-loisirs-nautiques-activites\/","og_locale":"fr_FR","og_type":"article","og_title":"AQUALIMBA LOISIRS","og_description":"Loisirs nautiques liste s\u00e9lections\u00a0mondiales,\u00a020 meilleures destinations de voyages d'activit\u00e9s\u00a0nautiques dans le monde, \u00e0 l'\u00e9tranger, voyages exotiques sportifs avec h\u00e9bergements inclus,le\u00a0nautisme voyages internationale dans le monde, trouver les voyages les spots de sports, voile de croisi\u00e8re, les voyages avec guide p\u00eache, spots de plong\u00e9e, surf, scooter des mers, ski-nautique, motonautisme\u2026..les meilleurs choix s\u00e9lectionn\u00e9s, tarifs qualit\u00e9\/prix en France et autres pays.Aqualimba\u00a0le guide des loisirs sports et tourisme \u00e0 l'international.","og_url":"https:\/\/ceylou.com\/wordpress\/boutique\/aqualimba-evenements-loisirs-nautiques-activites\/","og_site_name":"BRIGANTINE","article_publisher":"https:\/\/www.facebook.com\/groups\/693945317450065","article_modified_time":"2026-03-08T05:13:39+00:00","og_image":[{"width":632,"height":630,"url":"https:\/\/ceylou.com\/wordpress\/wp-content\/uploads\/2024\/01\/AQUALIMBA-LOGO.png","type":"image\/png"}],"twitter_card":"summary_large_image","twitter_misc":{"Dur\u00e9e de lecture estim\u00e9e":"2 minutes"},"schema":{"@context":"https:\/\/schema.org","@graph":[{"@type":"WebPage","@id":"https:\/\/ceylou.com\/wordpress\/boutique\/aqualimba-evenements-loisirs-nautiques-activites\/","url":"https:\/\/ceylou.com\/wordpress\/boutique\/aqualimba-evenements-loisirs-nautiques-activites\/","name":"AQUALIMBA LOISIRS","isPartOf":{"@id":"https:\/\/ceylou.com\/wordpress\/#website"},"primaryImageOfPage":{"@id":"https:\/\/ceylou.com\/wordpress\/boutique\/aqualimba-evenements-loisirs-nautiques-activites\/#primaryimage"},"image":{"@id":"https:\/\/ceylou.com\/wordpress\/boutique\/aqualimba-evenements-loisirs-nautiques-activites\/#primaryimage"},"thumbnailUrl":"https:\/\/i0.wp.com\/ceylou.com\/wordpress\/wp-content\/uploads\/2024\/01\/AQUALIMBA-LOGO.png?fit=632%2C630&ssl=1","datePublished":"2024-01-10T20:46:35+00:00","dateModified":"2026-03-08T05:13:39+00:00","description":"Loisirs nautiques liste s\u00e9lections\u00a0mondiales,\u00a020 meilleures destinations de voyages d'activit\u00e9s\u00a0nautiques dans le monde, \u00e0 l'\u00e9tranger, voyages exotiques sportifs avec h\u00e9bergements inclus,le\u00a0nautisme voyages internationale dans le monde, trouver les voyages les spots de sports, voile de croisi\u00e8re, les voyages avec guide p\u00eache, spots de plong\u00e9e, surf, scooter des mers, ski-nautique, motonautisme\u2026..les meilleurs choix s\u00e9lectionn\u00e9s, tarifs qualit\u00e9\/prix en France et autres pays.Aqualimba\u00a0le guide des loisirs sports et tourisme \u00e0 l'international.","breadcrumb":{"@id":"https:\/\/ceylou.com\/wordpress\/boutique\/aqualimba-evenements-loisirs-nautiques-activites\/#breadcrumb"},"inLanguage":"fr-FR","potentialAction":[{"@type":"ReadAction","target":["https:\/\/ceylou.com\/wordpress\/boutique\/aqualimba-evenements-loisirs-nautiques-activites\/"]}]},{"@type":"ImageObject","inLanguage":"fr-FR","@id":"https:\/\/ceylou.com\/wordpress\/boutique\/aqualimba-evenements-loisirs-nautiques-activites\/#primaryimage","url":"https:\/\/i0.wp.com\/ceylou.com\/wordpress\/wp-content\/uploads\/2024\/01\/AQUALIMBA-LOGO.png?fit=632%2C630&ssl=1","contentUrl":"https:\/\/i0.wp.com\/ceylou.com\/wordpress\/wp-content\/uploads\/2024\/01\/AQUALIMBA-LOGO.png?fit=632%2C630&ssl=1","width":632,"height":630,"caption":"AQUALIMBA LOISIRS DE MER"},{"@type":"BreadcrumbList","@id":"https:\/\/ceylou.com\/wordpress\/boutique\/aqualimba-evenements-loisirs-nautiques-activites\/#breadcrumb","itemListElement":[{"@type":"ListItem","position":1,"name":"Accueil","item":"https:\/\/ceylou.com\/wordpress\/"},{"@type":"ListItem","position":2,"name":"BOUTIQUE","item":"https:\/\/ceylou.com\/wordpress\/boutique\/"},{"@type":"ListItem","position":3,"name":"loisirs nautiques activit\u00e9s"}]},{"@type":"WebSite","@id":"https:\/\/ceylou.com\/wordpress\/#website","url":"https:\/\/ceylou.com\/wordpress\/","name":"BRIGANTINE","description":"premi\u00e8re \u00e9cole de voile diff\u00e9rente","publisher":{"@id":"https:\/\/ceylou.com\/wordpress\/#organization"},"alternateName":"BRIGANTINE ECOLE DE VOILE","potentialAction":[{"@type":"SearchAction","target":{"@type":"EntryPoint","urlTemplate":"https:\/\/ceylou.com\/wordpress\/?s={search_term_string}"},"query-input":{"@type":"PropertyValueSpecification","valueRequired":true,"valueName":"search_term_string"}}],"inLanguage":"fr-FR"},{"@type":"Organization","@id":"https:\/\/ceylou.com\/wordpress\/#organization","name":"ceylou.com Brigantine","url":"https:\/\/ceylou.com\/wordpress\/","logo":{"@type":"ImageObject","inLanguage":"fr-FR","@id":"https:\/\/ceylou.com\/wordpress\/#\/schema\/logo\/image\/","url":"https:\/\/ceylou.com\/wordpress\/wp-content\/uploads\/2019\/10\/cropped-Brig-Accueil-haut-3.png","contentUrl":"https:\/\/ceylou.com\/wordpress\/wp-content\/uploads\/2019\/10\/cropped-Brig-Accueil-haut-3.png","width":2030,"height":308,"caption":"ceylou.com Brigantine"},"image":{"@id":"https:\/\/ceylou.com\/wordpress\/#\/schema\/logo\/image\/"},"sameAs":["https:\/\/www.facebook.com\/groups\/693945317450065","https:\/\/www.youtube.com\/user\/ceylou1\/playlists?view_as=public"]}]}},"ticketed":false,"_links":{"self":[{"href":"https:\/\/ceylou.com\/wordpress\/wp-json\/wp\/v2\/pages\/26580","targetHints":{"allow":["GET"]}}],"collection":[{"href":"https:\/\/ceylou.com\/wordpress\/wp-json\/wp\/v2\/pages"}],"about":[{"href":"https:\/\/ceylou.com\/wordpress\/wp-json\/wp\/v2\/types\/page"}],"author":[{"embeddable":true,"href":"https:\/\/ceylou.com\/wordpress\/wp-json\/wp\/v2\/users\/1"}],"replies":[{"embeddable":true,"href":"https:\/\/ceylou.com\/wordpress\/wp-json\/wp\/v2\/comments?post=26580"}],"version-history":[{"count":3,"href":"https:\/\/ceylou.com\/wordpress\/wp-json\/wp\/v2\/pages\/26580\/revisions"}],"predecessor-version":[{"id":38809,"href":"https:\/\/ceylou.com\/wordpress\/wp-json\/wp\/v2\/pages\/26580\/revisions\/38809"}],"up":[{"embeddable":true,"href":"https:\/\/ceylou.com\/wordpress\/wp-json\/wp\/v2\/pages\/17186"}],"wp:featuredmedia":[{"embeddable":true,"href":"https:\/\/ceylou.com\/wordpress\/wp-json\/wp\/v2\/media\/26581"}],"wp:attachment":[{"href":"https:\/\/ceylou.com\/wordpress\/wp-json\/wp\/v2\/media?parent=26580"}],"curies":[{"name":"wp","href":"https:\/\/api.w.org\/{rel}","templated":true}]}}